{"id":1391,"date":"2017-08-19T16:04:14","date_gmt":"2017-08-19T14:04:14","guid":{"rendered":"http:\/\/stefaniebischoff.de\/?page_id=1391"},"modified":"2022-11-27T17:05:08","modified_gmt":"2022-11-27T15:05:08","slug":"audiowalk-kleine-zukunft","status":"publish","type":"page","link":"https:\/\/stefaniebischoff.de\/?page_id=1391","title":{"rendered":"Audiowalk \u2013 Kleine Zukunft"},"content":{"rendered":"\n\n<div class=\"ngg-galleryoverview ngg-slideshow\"\n\t id=\"ngg-slideshow-33539eb9ce67569e25fee33bd65d07bf-6252032020\"\n     data-gallery-id=\"33539eb9ce67569e25fee33bd65d07bf\"\n     style=\"max-width: 800px; max-height: 535px;\">\n\n \t<div id=\"ngg-image-0\" class=\"ngg-gallery-slideshow-image\" style=\"height:535px\">\n\n        <a href=\"https:\/\/stefaniebischoff.de\/wp-content\/gallery\/salzgitter-audiowalk\/blick-durchs-fenster.jpg\"\n           title=\"\"\n           data-src=\"https:\/\/stefaniebischoff.de\/wp-content\/gallery\/salzgitter-audiowalk\/blick-durchs-fenster.jpg\"\n           data-thumbnail=\"https:\/\/stefaniebischoff.de\/wp-content\/gallery\/salzgitter-audiowalk\/thumbs\/thumbs_blick-durchs-fenster.jpg\"\n           data-image-id=\"432\"\n           data-title=\"blick-durchs-fenster\"\n           data-description=\"\"\n           class=\"ngg-fancybox\" rel=\"33539eb9ce67569e25fee33bd65d07bf\">\n\n            <img data-image-id='432'\n                 title=\"\"\n                 alt=\"blick-durchs-fenster\"\n                 src=\"https:\/\/stefaniebischoff.de\/wp-content\/gallery\/salzgitter-audiowalk\/blick-durchs-fenster.jpg\"\n                 style=\"max-height: 515px;\"\/>\n        <\/a>\n\n        <\/div> \n<div id=\"ngg-image-1\" class=\"ngg-gallery-slideshow-image\" style=\"height:535px\">\n\n        <a href=\"https:\/\/stefaniebischoff.de\/wp-content\/gallery\/salzgitter-audiowalk\/doku_Laden.jpg\"\n           title=\"\"\n           data-src=\"https:\/\/stefaniebischoff.de\/wp-content\/gallery\/salzgitter-audiowalk\/doku_Laden.jpg\"\n           data-thumbnail=\"https:\/\/stefaniebischoff.de\/wp-content\/gallery\/salzgitter-audiowalk\/thumbs\/thumbs_doku_Laden.jpg\"\n           data-image-id=\"425\"\n           data-title=\"doku_Laden\"\n           data-description=\"\"\n           class=\"ngg-fancybox\" rel=\"33539eb9ce67569e25fee33bd65d07bf\">\n\n            <img data-image-id='425'\n                 title=\"\"\n                 alt=\"doku_Laden\"\n                 src=\"https:\/\/stefaniebischoff.de\/wp-content\/gallery\/salzgitter-audiowalk\/doku_Laden.jpg\"\n                 style=\"max-height: 515px;\"\/>\n        <\/a>\n\n        <\/div> \n<div id=\"ngg-image-2\" class=\"ngg-gallery-slideshow-image\" style=\"height:535px\">\n\n        <a href=\"https:\/\/stefaniebischoff.de\/wp-content\/gallery\/salzgitter-audiowalk\/doku_gate.jpg\"\n           title=\"\"\n           data-src=\"https:\/\/stefaniebischoff.de\/wp-content\/gallery\/salzgitter-audiowalk\/doku_gate.jpg\"\n           data-thumbnail=\"https:\/\/stefaniebischoff.de\/wp-content\/gallery\/salzgitter-audiowalk\/thumbs\/thumbs_doku_gate.jpg\"\n           data-image-id=\"426\"\n           data-title=\"doku_gate\"\n           data-description=\"\"\n           class=\"ngg-fancybox\" rel=\"33539eb9ce67569e25fee33bd65d07bf\">\n\n            <img data-image-id='426'\n                 title=\"\"\n                 alt=\"doku_gate\"\n                 src=\"https:\/\/stefaniebischoff.de\/wp-content\/gallery\/salzgitter-audiowalk\/doku_gate.jpg\"\n                 style=\"max-height: 515px;\"\/>\n        <\/a>\n\n        <\/div> \n<div id=\"ngg-image-3\" class=\"ngg-gallery-slideshow-image\" style=\"height:535px\">\n\n        <a href=\"https:\/\/stefaniebischoff.de\/wp-content\/gallery\/salzgitter-audiowalk\/doku_Aufstellung.jpg\"\n           title=\"\"\n           data-src=\"https:\/\/stefaniebischoff.de\/wp-content\/gallery\/salzgitter-audiowalk\/doku_Aufstellung.jpg\"\n           data-thumbnail=\"https:\/\/stefaniebischoff.de\/wp-content\/gallery\/salzgitter-audiowalk\/thumbs\/thumbs_doku_Aufstellung.jpg\"\n           data-image-id=\"430\"\n           data-title=\"doku_Aufstellung\"\n           data-description=\"\"\n           class=\"ngg-fancybox\" rel=\"33539eb9ce67569e25fee33bd65d07bf\">\n\n            <img data-image-id='430'\n                 title=\"\"\n                 alt=\"doku_Aufstellung\"\n                 src=\"https:\/\/stefaniebischoff.de\/wp-content\/gallery\/salzgitter-audiowalk\/doku_Aufstellung.jpg\"\n                 style=\"max-height: 515px;\"\/>\n        <\/a>\n\n        <\/div> \n<div id=\"ngg-image-4\" class=\"ngg-gallery-slideshow-image\" style=\"height:535px\">\n\n        <a href=\"https:\/\/stefaniebischoff.de\/wp-content\/gallery\/salzgitter-audiowalk\/doku_Dach.jpg\"\n           title=\"\"\n           data-src=\"https:\/\/stefaniebischoff.de\/wp-content\/gallery\/salzgitter-audiowalk\/doku_Dach.jpg\"\n           data-thumbnail=\"https:\/\/stefaniebischoff.de\/wp-content\/gallery\/salzgitter-audiowalk\/thumbs\/thumbs_doku_Dach.jpg\"\n           data-image-id=\"428\"\n           data-title=\"doku_Dach\"\n           data-description=\"\"\n           class=\"ngg-fancybox\" rel=\"33539eb9ce67569e25fee33bd65d07bf\">\n\n            <img data-image-id='428'\n                 title=\"\"\n                 alt=\"doku_Dach\"\n                 src=\"https:\/\/stefaniebischoff.de\/wp-content\/gallery\/salzgitter-audiowalk\/doku_Dach.jpg\"\n                 style=\"max-height: 515px;\"\/>\n        <\/a>\n\n        <\/div> \n<div id=\"ngg-image-5\" class=\"ngg-gallery-slideshow-image\" style=\"height:535px\">\n\n        <a href=\"https:\/\/stefaniebischoff.de\/wp-content\/gallery\/salzgitter-audiowalk\/doku_Ausblick.jpg\"\n           title=\"\"\n           data-src=\"https:\/\/stefaniebischoff.de\/wp-content\/gallery\/salzgitter-audiowalk\/doku_Ausblick.jpg\"\n           data-thumbnail=\"https:\/\/stefaniebischoff.de\/wp-content\/gallery\/salzgitter-audiowalk\/thumbs\/thumbs_doku_Ausblick.jpg\"\n           data-image-id=\"429\"\n           data-title=\"doku_Ausblick\"\n           data-description=\"\"\n           class=\"ngg-fancybox\" rel=\"33539eb9ce67569e25fee33bd65d07bf\">\n\n            <img data-image-id='429'\n                 title=\"\"\n                 alt=\"doku_Ausblick\"\n                 src=\"https:\/\/stefaniebischoff.de\/wp-content\/gallery\/salzgitter-audiowalk\/doku_Ausblick.jpg\"\n                 style=\"max-height: 515px;\"\/>\n        <\/a>\n\n        <\/div> \n<div id=\"ngg-image-6\" class=\"ngg-gallery-slideshow-image\" style=\"height:535px\">\n\n        <a href=\"https:\/\/stefaniebischoff.de\/wp-content\/gallery\/salzgitter-audiowalk\/doku_Eisenbahn.jpg\"\n           title=\"\"\n           data-src=\"https:\/\/stefaniebischoff.de\/wp-content\/gallery\/salzgitter-audiowalk\/doku_Eisenbahn.jpg\"\n           data-thumbnail=\"https:\/\/stefaniebischoff.de\/wp-content\/gallery\/salzgitter-audiowalk\/thumbs\/thumbs_doku_Eisenbahn.jpg\"\n           data-image-id=\"427\"\n           data-title=\"doku_Eisenbahn\"\n           data-description=\"\"\n           class=\"ngg-fancybox\" rel=\"33539eb9ce67569e25fee33bd65d07bf\">\n\n            <img data-image-id='427'\n                 title=\"\"\n                 alt=\"doku_Eisenbahn\"\n                 src=\"https:\/\/stefaniebischoff.de\/wp-content\/gallery\/salzgitter-audiowalk\/doku_Eisenbahn.jpg\"\n                 style=\"max-height: 515px;\"\/>\n        <\/a>\n\n        <\/div> \n<div id=\"ngg-image-7\" class=\"ngg-gallery-slideshow-image\" style=\"height:535px\">\n\n        <a href=\"https:\/\/stefaniebischoff.de\/wp-content\/gallery\/salzgitter-audiowalk\/doku_Platz.jpg\"\n           title=\"\"\n           data-src=\"https:\/\/stefaniebischoff.de\/wp-content\/gallery\/salzgitter-audiowalk\/doku_Platz.jpg\"\n           data-thumbnail=\"https:\/\/stefaniebischoff.de\/wp-content\/gallery\/salzgitter-audiowalk\/thumbs\/thumbs_doku_Platz.jpg\"\n           data-image-id=\"423\"\n           data-title=\"doku_Platz\"\n           data-description=\"\"\n           class=\"ngg-fancybox\" rel=\"33539eb9ce67569e25fee33bd65d07bf\">\n\n            <img data-image-id='423'\n                 title=\"\"\n                 alt=\"doku_Platz\"\n                 src=\"https:\/\/stefaniebischoff.de\/wp-content\/gallery\/salzgitter-audiowalk\/doku_Platz.jpg\"\n                 style=\"max-height: 515px;\"\/>\n        <\/a>\n\n        <\/div> \n<div id=\"ngg-image-8\" class=\"ngg-gallery-slideshow-image\" style=\"height:535px\">\n\n        <a href=\"https:\/\/stefaniebischoff.de\/wp-content\/gallery\/salzgitter-audiowalk\/daku_Tiefgarage.jpg\"\n           title=\"\"\n           data-src=\"https:\/\/stefaniebischoff.de\/wp-content\/gallery\/salzgitter-audiowalk\/daku_Tiefgarage.jpg\"\n           data-thumbnail=\"https:\/\/stefaniebischoff.de\/wp-content\/gallery\/salzgitter-audiowalk\/thumbs\/thumbs_daku_Tiefgarage.jpg\"\n           data-image-id=\"431\"\n           data-title=\"daku_Tiefgarage\"\n           data-description=\"\"\n           class=\"ngg-fancybox\" rel=\"33539eb9ce67569e25fee33bd65d07bf\">\n\n            <img data-image-id='431'\n                 title=\"\"\n                 alt=\"daku_Tiefgarage\"\n                 src=\"https:\/\/stefaniebischoff.de\/wp-content\/gallery\/salzgitter-audiowalk\/daku_Tiefgarage.jpg\"\n                 style=\"max-height: 515px;\"\/>\n        <\/a>\n\n        <\/div> \n<div id=\"ngg-image-9\" class=\"ngg-gallery-slideshow-image\" style=\"height:535px\">\n\n        <a href=\"https:\/\/stefaniebischoff.de\/wp-content\/gallery\/salzgitter-audiowalk\/doku_Logo.jpg\"\n           title=\"\"\n           data-src=\"https:\/\/stefaniebischoff.de\/wp-content\/gallery\/salzgitter-audiowalk\/doku_Logo.jpg\"\n           data-thumbnail=\"https:\/\/stefaniebischoff.de\/wp-content\/gallery\/salzgitter-audiowalk\/thumbs\/thumbs_doku_Logo.jpg\"\n           data-image-id=\"424\"\n           data-title=\"doku_Logo\"\n           data-description=\"\"\n           class=\"ngg-fancybox\" rel=\"33539eb9ce67569e25fee33bd65d07bf\">\n\n            <img data-image-id='424'\n                 title=\"\"\n                 alt=\"doku_Logo\"\n                 src=\"https:\/\/stefaniebischoff.de\/wp-content\/gallery\/salzgitter-audiowalk\/doku_Logo.jpg\"\n                 style=\"max-height: 515px;\"\/>\n        <\/a>\n\n        <\/div> \n<\/div>\n\n\n\n\n<p class=\"single_title\">Du bist die Utopie!<\/p>\n<div class=\"single_inside_content\">\n<p style=\"text-align: left;\">10. \u2013 28. Oktober 2013<strong><br \/>\n<\/strong><\/p>\n<p><strong>Konzept, Regie und Realisation: Stefanie Bischoff und Christian <\/strong><strong>Wei\u00df<\/strong><\/p>\n<p><strong>Projektkoordination: Sonja Ahola \/ Assistenz: Thomas Malorny<br \/>\n<\/strong><\/p>\n<p>F\u00fcr das Projekt KLEINE ZUKUNFT stand f\u00fcr uns der Ansatz der k\u00fcnstlerischen Recherche im Vordergrund. Das Theater kann forschen und nach Erkenntnis streben und trotzdem seine k\u00fcnstlerische Kraft behalten. Es stellt ein hervorragendes Instrument zur experimentellen Untersuchung unserer Konstruktion der Wirklichkeit dar.<\/p>\n<p>Unsere Arbeit basiert haupts\u00e4chlich auf Interviews, die wir mit den Bewohnern der Stadt f\u00fchren. In Salzgitter stellte sich schnell heraus, dass es nicht um die gro\u00dfen, weitgreifenden Utopien ging, \u00fcber die die Menschen mit uns sprachen, sondern die kleinen Ver\u00e4nderungen im eigenen Lebensumfeld; das pers\u00f6nliche Engagement. Die Losung hie\u00df: Die Utopie bist du! Und f\u00fcr uns kristallisierte sich dieser Gedanke immer mehr als Kern unserer Arbeit in Salzgitter heraus.<\/p>\n<p>Zu Beginn unserer Recherche organisierten wir f\u00fcr Sch\u00fcler einer Grundschule und einer 10. Klasse eines Gymnasiums, jeweils einen Workshop zum Thema \u201eWie nehme ich die Stadt in der ich lebe wahr und was w\u00fcnsche ich mir f\u00fcr die Zukunft?\u201c Hierzu forderten wir die Kinder und Jugendlichen auf, die Orte auf einem Stadtplan zu markieren, an denen sie sich gerne oder \u00e4u\u00dferst ungern aufhalten. Bereits hierbei fiel auf, dass es gerade bei den Kindern viele Orte gab, die sch\u00f6n waren, weil sie etwas Pers\u00f6nliches damit verbanden: hier wohnten z.B. der beste Freund oder die Gro\u00dfeltern. Auch im Rahmen unserer sp\u00e4teren Interviews stie\u00dfen wir immer wieder auf den Umstand, dass sich die Menschen, in dieser Stadt, die doch so gar kein Image hat, ihr eigenes kleines \u201eParadies\u201c schaffen und Utopien im Kleinen verwirklichten. Von der Politik, so stellten wir schnell ern\u00fcchternd fest, braucht in Salzgitter niemand etwas zu erwarten, was die innovative Zukunftsgestaltung dieser Stadt betrifft. Eine sehr ern\u00fcchternde Feststellung, wenn wir nicht festgestellt h\u00e4tten, dass es viele kleine utopische Keimzellen in dieser Stadt gibt, die das System durchl\u00f6chern und zum Einsturz bringen k\u00f6nnten. Auch eine Utopie.<\/p>\n<p>Zumindest schien es uns gelungen zu sein, in unserem H\u00f6rgang etwas von diesem \u201eGeist\u201c zu vermitteln, schaut man sich die vielen \u00fcberschw\u00e4nglichen Kommentare an, die die Besucher nach den Auff\u00fchrungen zu Papier brachten. F\u00fcr viele Besucher haben wir die M\u00f6glichkeit geschaffen, Salzgitter aus einer neuen Perspektive zu sehen und sie zu neuen Erkenntnissen \u00fcber IHRE Stadt zu f\u00fchren. An der Grenze zwischen sinnlicher und rationaler Erkenntnis entsteht Wissen \u2013 und nicht nur Kinder lernen am meisten durch Spielen!<\/p>\n<p><em>\u201eDie Kinder kennen solche Gegenr\u00e4ume, solche lokalisierten Utopien, sehr genau. Das ist nat\u00fcrlich der Garten. Das ist der Dachboden oder eher noch das Indianerzelt auf dem Dachboden. Und das ist \u2013 am Donnerstagnachmittag \u2013 das Ehebett der Eltern. Auf diesem Bett entdeckt man das Meer, weil man zwischen den Decken schwimmen kann. Aber das Bett ist auch der Himmel, weil man auf den Federn springen kann. Es ist der Wald, weil man sich darin versteckt. Es ist die Nacht, weil man unter den Laken zum Geist wird.\u201c<\/em> (Michel Foucault: Die Heterotopien. Der utopische K\u00f6rper. Berlin 2013, S 10).<\/p>\n<\/div>\n<p>Gef\u00f6rdert von &#8218;Auf Probe \u2013 Alltagsutopien f\u00fcr das Braunschweiger Land&#8216; \u2013 ein Gemeinschaftsprojekt von LOT-Theater und der Hochschule f\u00fcr Bildende K\u00fcnste Braunschweig.<\/p>\n<div style=\"width: 625px;\" class=\"wp-video\"><!--[if lt IE 9]><script>document.createElement('video');<\/script><![endif]-->\n<video class=\"wp-video-shortcode\" id=\"video-1391-1\" width=\"625\" height=\"352\" preload=\"metadata\" controls=\"controls\"><source type=\"video\/mp4\" src=\"http:\/\/stefaniebischoff.de\/wp-content\/uploads\/2022\/11\/auf-probe-Kurzfilm.mp4?_=1\" \/><a href=\"http:\/\/stefaniebischoff.de\/wp-content\/uploads\/2022\/11\/auf-probe-Kurzfilm.mp4\">http:\/\/stefaniebischoff.de\/wp-content\/uploads\/2022\/11\/auf-probe-Kurzfilm.mp4<\/a><\/video><\/div>\n\n\n<div class=\"ngg-galleryoverview ngg-slideshow\"\n\t id=\"ngg-slideshow-33539eb9ce67569e25fee33bd65d07bf-6252032020\"\n     data-gallery-id=\"33539eb9ce67569e25fee33bd65d07bf\"\n     style=\"max-width: 800px; max-height: 535px;\">\n\n \t<div id=\"ngg-image-0\" class=\"ngg-gallery-slideshow-image\" style=\"height:535px\">\n\n        <a href=\"https:\/\/stefaniebischoff.de\/wp-content\/gallery\/salzgitter-audiowalk\/blick-durchs-fenster.jpg\"\n           title=\"\"\n           data-src=\"https:\/\/stefaniebischoff.de\/wp-content\/gallery\/salzgitter-audiowalk\/blick-durchs-fenster.jpg\"\n           data-thumbnail=\"https:\/\/stefaniebischoff.de\/wp-content\/gallery\/salzgitter-audiowalk\/thumbs\/thumbs_blick-durchs-fenster.jpg\"\n           data-image-id=\"432\"\n           data-title=\"blick-durchs-fenster\"\n           data-description=\"\"\n           class=\"ngg-fancybox\" rel=\"33539eb9ce67569e25fee33bd65d07bf\">\n\n            <img data-image-id='432'\n                 title=\"\"\n                 alt=\"blick-durchs-fenster\"\n                 src=\"https:\/\/stefaniebischoff.de\/wp-content\/gallery\/salzgitter-audiowalk\/blick-durchs-fenster.jpg\"\n                 style=\"max-height: 515px;\"\/>\n        <\/a>\n\n        <\/div> \n<div id=\"ngg-image-1\" class=\"ngg-gallery-slideshow-image\" style=\"height:535px\">\n\n        <a href=\"https:\/\/stefaniebischoff.de\/wp-content\/gallery\/salzgitter-audiowalk\/doku_Laden.jpg\"\n           title=\"\"\n           data-src=\"https:\/\/stefaniebischoff.de\/wp-content\/gallery\/salzgitter-audiowalk\/doku_Laden.jpg\"\n           data-thumbnail=\"https:\/\/stefaniebischoff.de\/wp-content\/gallery\/salzgitter-audiowalk\/thumbs\/thumbs_doku_Laden.jpg\"\n           data-image-id=\"425\"\n           data-title=\"doku_Laden\"\n           data-description=\"\"\n           class=\"ngg-fancybox\" rel=\"33539eb9ce67569e25fee33bd65d07bf\">\n\n            <img data-image-id='425'\n                 title=\"\"\n                 alt=\"doku_Laden\"\n                 src=\"https:\/\/stefaniebischoff.de\/wp-content\/gallery\/salzgitter-audiowalk\/doku_Laden.jpg\"\n                 style=\"max-height: 515px;\"\/>\n        <\/a>\n\n        <\/div> \n<div id=\"ngg-image-2\" class=\"ngg-gallery-slideshow-image\" style=\"height:535px\">\n\n        <a href=\"https:\/\/stefaniebischoff.de\/wp-content\/gallery\/salzgitter-audiowalk\/doku_gate.jpg\"\n           title=\"\"\n           data-src=\"https:\/\/stefaniebischoff.de\/wp-content\/gallery\/salzgitter-audiowalk\/doku_gate.jpg\"\n           data-thumbnail=\"https:\/\/stefaniebischoff.de\/wp-content\/gallery\/salzgitter-audiowalk\/thumbs\/thumbs_doku_gate.jpg\"\n           data-image-id=\"426\"\n           data-title=\"doku_gate\"\n           data-description=\"\"\n           class=\"ngg-fancybox\" rel=\"33539eb9ce67569e25fee33bd65d07bf\">\n\n            <img data-image-id='426'\n                 title=\"\"\n                 alt=\"doku_gate\"\n                 src=\"https:\/\/stefaniebischoff.de\/wp-content\/gallery\/salzgitter-audiowalk\/doku_gate.jpg\"\n                 style=\"max-height: 515px;\"\/>\n        <\/a>\n\n        <\/div> \n<div id=\"ngg-image-3\" class=\"ngg-gallery-slideshow-image\" style=\"height:535px\">\n\n        <a href=\"https:\/\/stefaniebischoff.de\/wp-content\/gallery\/salzgitter-audiowalk\/doku_Aufstellung.jpg\"\n           title=\"\"\n           data-src=\"https:\/\/stefaniebischoff.de\/wp-content\/gallery\/salzgitter-audiowalk\/doku_Aufstellung.jpg\"\n           data-thumbnail=\"https:\/\/stefaniebischoff.de\/wp-content\/gallery\/salzgitter-audiowalk\/thumbs\/thumbs_doku_Aufstellung.jpg\"\n           data-image-id=\"430\"\n           data-title=\"doku_Aufstellung\"\n           data-description=\"\"\n           class=\"ngg-fancybox\" rel=\"33539eb9ce67569e25fee33bd65d07bf\">\n\n            <img data-image-id='430'\n                 title=\"\"\n                 alt=\"doku_Aufstellung\"\n                 src=\"https:\/\/stefaniebischoff.de\/wp-content\/gallery\/salzgitter-audiowalk\/doku_Aufstellung.jpg\"\n                 style=\"max-height: 515px;\"\/>\n        <\/a>\n\n        <\/div> \n<div id=\"ngg-image-4\" class=\"ngg-gallery-slideshow-image\" style=\"height:535px\">\n\n        <a href=\"https:\/\/stefaniebischoff.de\/wp-content\/gallery\/salzgitter-audiowalk\/doku_Dach.jpg\"\n           title=\"\"\n           data-src=\"https:\/\/stefaniebischoff.de\/wp-content\/gallery\/salzgitter-audiowalk\/doku_Dach.jpg\"\n           data-thumbnail=\"https:\/\/stefaniebischoff.de\/wp-content\/gallery\/salzgitter-audiowalk\/thumbs\/thumbs_doku_Dach.jpg\"\n           data-image-id=\"428\"\n           data-title=\"doku_Dach\"\n           data-description=\"\"\n           class=\"ngg-fancybox\" rel=\"33539eb9ce67569e25fee33bd65d07bf\">\n\n            <img data-image-id='428'\n                 title=\"\"\n                 alt=\"doku_Dach\"\n                 src=\"https:\/\/stefaniebischoff.de\/wp-content\/gallery\/salzgitter-audiowalk\/doku_Dach.jpg\"\n                 style=\"max-height: 515px;\"\/>\n        <\/a>\n\n        <\/div> \n<div id=\"ngg-image-5\" class=\"ngg-gallery-slideshow-image\" style=\"height:535px\">\n\n        <a href=\"https:\/\/stefaniebischoff.de\/wp-content\/gallery\/salzgitter-audiowalk\/doku_Ausblick.jpg\"\n           title=\"\"\n           data-src=\"https:\/\/stefaniebischoff.de\/wp-content\/gallery\/salzgitter-audiowalk\/doku_Ausblick.jpg\"\n           data-thumbnail=\"https:\/\/stefaniebischoff.de\/wp-content\/gallery\/salzgitter-audiowalk\/thumbs\/thumbs_doku_Ausblick.jpg\"\n           data-image-id=\"429\"\n           data-title=\"doku_Ausblick\"\n           data-description=\"\"\n           class=\"ngg-fancybox\" rel=\"33539eb9ce67569e25fee33bd65d07bf\">\n\n            <img data-image-id='429'\n                 title=\"\"\n                 alt=\"doku_Ausblick\"\n                 src=\"https:\/\/stefaniebischoff.de\/wp-content\/gallery\/salzgitter-audiowalk\/doku_Ausblick.jpg\"\n                 style=\"max-height: 515px;\"\/>\n        <\/a>\n\n        <\/div> \n<div id=\"ngg-image-6\" class=\"ngg-gallery-slideshow-image\" style=\"height:535px\">\n\n        <a href=\"https:\/\/stefaniebischoff.de\/wp-content\/gallery\/salzgitter-audiowalk\/doku_Eisenbahn.jpg\"\n           title=\"\"\n           data-src=\"https:\/\/stefaniebischoff.de\/wp-content\/gallery\/salzgitter-audiowalk\/doku_Eisenbahn.jpg\"\n           data-thumbnail=\"https:\/\/stefaniebischoff.de\/wp-content\/gallery\/salzgitter-audiowalk\/thumbs\/thumbs_doku_Eisenbahn.jpg\"\n           data-image-id=\"427\"\n           data-title=\"doku_Eisenbahn\"\n           data-description=\"\"\n           class=\"ngg-fancybox\" rel=\"33539eb9ce67569e25fee33bd65d07bf\">\n\n            <img data-image-id='427'\n                 title=\"\"\n                 alt=\"doku_Eisenbahn\"\n                 src=\"https:\/\/stefaniebischoff.de\/wp-content\/gallery\/salzgitter-audiowalk\/doku_Eisenbahn.jpg\"\n                 style=\"max-height: 515px;\"\/>\n        <\/a>\n\n        <\/div> \n<div id=\"ngg-image-7\" class=\"ngg-gallery-slideshow-image\" style=\"height:535px\">\n\n        <a href=\"https:\/\/stefaniebischoff.de\/wp-content\/gallery\/salzgitter-audiowalk\/doku_Platz.jpg\"\n           title=\"\"\n           data-src=\"https:\/\/stefaniebischoff.de\/wp-content\/gallery\/salzgitter-audiowalk\/doku_Platz.jpg\"\n           data-thumbnail=\"https:\/\/stefaniebischoff.de\/wp-content\/gallery\/salzgitter-audiowalk\/thumbs\/thumbs_doku_Platz.jpg\"\n           data-image-id=\"423\"\n           data-title=\"doku_Platz\"\n           data-description=\"\"\n           class=\"ngg-fancybox\" rel=\"33539eb9ce67569e25fee33bd65d07bf\">\n\n            <img data-image-id='423'\n                 title=\"\"\n                 alt=\"doku_Platz\"\n                 src=\"https:\/\/stefaniebischoff.de\/wp-content\/gallery\/salzgitter-audiowalk\/doku_Platz.jpg\"\n                 style=\"max-height: 515px;\"\/>\n        <\/a>\n\n        <\/div> \n<div id=\"ngg-image-8\" class=\"ngg-gallery-slideshow-image\" style=\"height:535px\">\n\n        <a href=\"https:\/\/stefaniebischoff.de\/wp-content\/gallery\/salzgitter-audiowalk\/daku_Tiefgarage.jpg\"\n           title=\"\"\n           data-src=\"https:\/\/stefaniebischoff.de\/wp-content\/gallery\/salzgitter-audiowalk\/daku_Tiefgarage.jpg\"\n           data-thumbnail=\"https:\/\/stefaniebischoff.de\/wp-content\/gallery\/salzgitter-audiowalk\/thumbs\/thumbs_daku_Tiefgarage.jpg\"\n           data-image-id=\"431\"\n           data-title=\"daku_Tiefgarage\"\n           data-description=\"\"\n           class=\"ngg-fancybox\" rel=\"33539eb9ce67569e25fee33bd65d07bf\">\n\n            <img data-image-id='431'\n                 title=\"\"\n                 alt=\"daku_Tiefgarage\"\n                 src=\"https:\/\/stefaniebischoff.de\/wp-content\/gallery\/salzgitter-audiowalk\/daku_Tiefgarage.jpg\"\n                 style=\"max-height: 515px;\"\/>\n        <\/a>\n\n        <\/div> \n<div id=\"ngg-image-9\" class=\"ngg-gallery-slideshow-image\" style=\"height:535px\">\n\n        <a href=\"https:\/\/stefaniebischoff.de\/wp-content\/gallery\/salzgitter-audiowalk\/doku_Logo.jpg\"\n           title=\"\"\n           data-src=\"https:\/\/stefaniebischoff.de\/wp-content\/gallery\/salzgitter-audiowalk\/doku_Logo.jpg\"\n           data-thumbnail=\"https:\/\/stefaniebischoff.de\/wp-content\/gallery\/salzgitter-audiowalk\/thumbs\/thumbs_doku_Logo.jpg\"\n           data-image-id=\"424\"\n           data-title=\"doku_Logo\"\n           data-description=\"\"\n           class=\"ngg-fancybox\" rel=\"33539eb9ce67569e25fee33bd65d07bf\">\n\n            <img data-image-id='424'\n                 title=\"\"\n                 alt=\"doku_Logo\"\n                 src=\"https:\/\/stefaniebischoff.de\/wp-content\/gallery\/salzgitter-audiowalk\/doku_Logo.jpg\"\n                 style=\"max-height: 515px;\"\/>\n        <\/a>\n\n        <\/div> \n<\/div>\n\n\n\n\n","protected":false},"excerpt":{"rendered":"<p>Du bist die Utopie! 10. \u2013 28. Oktober 2013 Konzept, Regie und Realisation: Stefanie Bischoff und Christian Wei\u00df Projektkoordination: Sonja Ahola \/ Assistenz: Thomas Malorny F\u00fcr das Projekt KLEINE ZUKUNFT stand f\u00fcr uns der Ansatz der k\u00fcnstlerischen Recherche im Vordergrund. Das Theater kann forschen und nach Erkenntnis streben und trotzdem seine k\u00fcnstlerische Kraft behalten. Es [&hellip;]<\/p>\n","protected":false},"author":1,"featured_media":0,"parent":0,"menu_order":0,"comment_status":"closed","ping_status":"closed","template":"","meta":{"ngg_post_thumbnail":0},"_links":{"self":[{"href":"https:\/\/stefaniebischoff.de\/index.php?rest_route=\/wp\/v2\/pages\/1391"}],"collection":[{"href":"https:\/\/stefaniebischoff.de\/index.php?rest_route=\/wp\/v2\/pages"}],"about":[{"href":"https:\/\/stefaniebischoff.de\/index.php?rest_route=\/wp\/v2\/types\/page"}],"author":[{"embeddable":true,"href":"https:\/\/stefaniebischoff.de\/index.php?rest_route=\/wp\/v2\/users\/1"}],"replies":[{"embeddable":true,"href":"https:\/\/stefaniebischoff.de\/index.php?rest_route=%2Fwp%2Fv2%2Fcomments&post=1391"}],"version-history":[{"count":14,"href":"https:\/\/stefaniebischoff.de\/index.php?rest_route=\/wp\/v2\/pages\/1391\/revisions"}],"predecessor-version":[{"id":1634,"href":"https:\/\/stefaniebischoff.de\/index.php?rest_route=\/wp\/v2\/pages\/1391\/revisions\/1634"}],"wp:attachment":[{"href":"https:\/\/stefaniebischoff.de\/index.php?rest_route=%2Fwp%2Fv2%2Fmedia&parent=1391"}],"curies":[{"name":"wp","href":"https:\/\/api.w.org\/{rel}","templated":true}]}}