{"id":1398,"date":"2017-08-19T16:17:20","date_gmt":"2017-08-19T14:17:20","guid":{"rendered":"http:\/\/stefaniebischoff.de\/?page_id=1398"},"modified":"2017-09-01T10:19:15","modified_gmt":"2017-09-01T08:19:15","slug":"audiowalk-die-axt-im-haus-erspart-den-zimmermann","status":"publish","type":"page","link":"https:\/\/stefaniebischoff.de\/?page_id=1398","title":{"rendered":"Audiowalk \u2013 Die Axt im Haus\u2026"},"content":{"rendered":"<p><a href=\"http:\/\/stefaniebischoff.de\/wp-content\/uploads\/2017\/08\/achse-walk-1.jpg\" data-rel=\"lightbox-image-0\" data-rl_title=\"\" data-rl_caption=\"\" title=\"\"><img decoding=\"async\" loading=\"lazy\" class=\"alignnone wp-image-1508 size-large\" src=\"http:\/\/stefaniebischoff.de\/wp-content\/uploads\/2017\/08\/achse-walk-1-1024x768.jpg\" alt=\"\" height=\"469\" width=\"625\" srcset=\"https:\/\/stefaniebischoff.de\/wp-content\/uploads\/2017\/08\/achse-walk-1-1024x768.jpg 1024w, https:\/\/stefaniebischoff.de\/wp-content\/uploads\/2017\/08\/achse-walk-1-300x225.jpg 300w, https:\/\/stefaniebischoff.de\/wp-content\/uploads\/2017\/08\/achse-walk-1-768x576.jpg 768w, https:\/\/stefaniebischoff.de\/wp-content\/uploads\/2017\/08\/achse-walk-1-624x468.jpg 624w, https:\/\/stefaniebischoff.de\/wp-content\/uploads\/2017\/08\/achse-walk-1.jpg 1772w\" sizes=\"(max-width: 625px) 100vw, 625px\" \/><\/a><\/p>\n<p>25. und 26. Juni 2016<\/p>\n<p>Konzept, Regie, Realisation: Stefanie Bischoff und Christian Wei\u00df<\/p>\n<p>Ankunft am Braunschweiger Hauptbahnhof: ein enger Gleistunnel, eine riesige Bahnhofshalle, ein Vorplatz ohne Leben, eine Autobahn ohne Autos, deren Ende nicht in Sicht ist und die h\u00f6chstwahrscheinlich in die Innenstadt f\u00fchrt. Ein\u00f6de. Der Audiowalk bewegt sich entlang dieser Achse und er\u00f6ffnet spielerisch einen neuen Blick auf das Areal zwischen Bahnhof und John-F.-Kennedy-Platz. Es entsteht eine interdisziplin\u00e4re, audio-aktive Stadtraum-Inszenierung f\u00fcr 25 Fu\u00dfg\u00e4nger, bei der es die gewohnte Umgebung aus neuen Perspektiven zu erleben gibt.<\/p>\n<p>In Kooperation mit dem BDA Bund Deutscher Architekten, Bezirksgruppe Braunschweig.<\/p>\n<p>&nbsp;<\/p>\n<p>KOMMENTARE:<\/p>\n<div class=\"single_inside_content\">\n<p>\u201eZum Ende der diesj\u00e4hrigen Architekturzeit l\u00e4d der BDA Braunschweig zur Teilnahme am Audiowalk als Schlussveranstaltung f\u00fcr den&nbsp; vorangegangenen BDA Workshop 2015 <em>Urbane Fehlstellen<\/em> und der anschlie\u00dfenden BDA Ausstellung <em>Bahnhof sucht Anschluss<\/em>.<br \/>\nDen audio gef\u00fchrten Teilnehmern erschlie\u00dft sich das durchaus bekannte Stadtquartier aus neuer und unerwarteter Perspektive. Von unbeteiligten Passanten interessiert betrachtet, durchschreiten die Teilnehmer in ungewohnt w\u00fcrdevoller Haltung und im Tempo und Takt der Kl\u00e4nge den so bekannten Gleistunnel. V\u00f6llig entschleunigt betritt man die Bahnhofshalle, die \u00fcber den gelenkten Blick eines Spiegels neue Perspektiven erm\u00f6glicht. Durch elektronische Kl\u00e4nge und die mittlerweile vertraute Stimme des Guide wird man durch den Walk gef\u00fchrt und der Realit\u00e4t entzogen. Entlang der Strecke gibt es kleine Rastst\u00e4tten an denen die Teilnehmer&nbsp; verweilen und sich auf die kleinen Geschichten unbekannter Stimmen konzentrieren. Durch immer wieder wechselnde&nbsp;Fokussierungen entstehen Perspektivwechsel \u2013 Unbekanntes und Belangloses erscheint pl\u00f6tzlich in einem anderen Kontext&nbsp; \u2013 der Besucher wird zum Akteur und tanzt poetisch vertr\u00e4umt, nicht nur in seiner Vorstellung sondern den Walzer&nbsp;vor dem L\u00f6wen \u2026\u201c<\/p>\n<p>\u2013 Michael Peter, Architekt \u2013<\/p>\n<p><strong>\/\/\/<\/strong><\/p>\n<p>\u201eDas Medium Audio per Kopfh\u00f6rer ist eindringlich, aber auch verf\u00fchrerisch. Wenn man, wie ich, ansonsten fast nie mit Kopfh\u00f6rern Musik o.\u00e4. h\u00f6rt, ist man da \u00e4u\u00dferst empf\u00e4nglich. Das ist Chance wie Gefahr der Manipulation. Habe gemerkt, wie ich in einen mir \u201agenetisch\u2018 untypischen Rythmus gekommen bin, der auch am Nachmittag noch nachhallte. Dar\u00fcber will ich weiter nachdenken, forschen \u2026\u201c<\/p>\n<p>\u2013 Bettina Maria Brosowsky \u2013<\/p>\n<\/div>\n","protected":false},"excerpt":{"rendered":"<p>25. und 26. Juni 2016 Konzept, Regie, Realisation: Stefanie Bischoff und Christian Wei\u00df Ankunft am Braunschweiger Hauptbahnhof: ein enger Gleistunnel, eine riesige Bahnhofshalle, ein Vorplatz ohne Leben, eine Autobahn ohne Autos, deren Ende nicht in Sicht ist und die h\u00f6chstwahrscheinlich in die Innenstadt f\u00fchrt. Ein\u00f6de. Der Audiowalk bewegt sich entlang dieser Achse und er\u00f6ffnet spielerisch [&hellip;]<\/p>\n","protected":false},"author":1,"featured_media":0,"parent":0,"menu_order":0,"comment_status":"closed","ping_status":"closed","template":"","meta":{"ngg_post_thumbnail":0},"_links":{"self":[{"href":"https:\/\/stefaniebischoff.de\/index.php?rest_route=\/wp\/v2\/pages\/1398"}],"collection":[{"href":"https:\/\/stefaniebischoff.de\/index.php?rest_route=\/wp\/v2\/pages"}],"about":[{"href":"https:\/\/stefaniebischoff.de\/index.php?rest_route=\/wp\/v2\/types\/page"}],"author":[{"embeddable":true,"href":"https:\/\/stefaniebischoff.de\/index.php?rest_route=\/wp\/v2\/users\/1"}],"replies":[{"embeddable":true,"href":"https:\/\/stefaniebischoff.de\/index.php?rest_route=%2Fwp%2Fv2%2Fcomments&post=1398"}],"version-history":[{"count":11,"href":"https:\/\/stefaniebischoff.de\/index.php?rest_route=\/wp\/v2\/pages\/1398\/revisions"}],"predecessor-version":[{"id":1509,"href":"https:\/\/stefaniebischoff.de\/index.php?rest_route=\/wp\/v2\/pages\/1398\/revisions\/1509"}],"wp:attachment":[{"href":"https:\/\/stefaniebischoff.de\/index.php?rest_route=%2Fwp%2Fv2%2Fmedia&parent=1398"}],"curies":[{"name":"wp","href":"https:\/\/api.w.org\/{rel}","templated":true}]}}