{"id":714,"date":"2014-04-14T16:11:13","date_gmt":"2014-04-14T14:11:13","guid":{"rendered":"http:\/\/stefaniebischoff.de\/?page_id=714"},"modified":"2017-08-19T16:06:24","modified_gmt":"2017-08-19T14:06:24","slug":"other-projects","status":"publish","type":"page","link":"https:\/\/stefaniebischoff.de\/?page_id=714","title":{"rendered":"Audio"},"content":{"rendered":"<p>Kleine Zukunft Braunschweig \u2013\u00a0 Erobere deine Stadt<\/p>\n<p>Der Audiowalk Kleine Zukunft untersucht die Zukunftsf\u00e4higkeit von St\u00e4dten, ihr utopisches Potential, und m\u00f6chte der Frage auf den Grund gehen, ob sich Mensch und Gesellschaft im Gleichgewicht befinden. Gibt es N\u00e4hrboden f\u00fcr Utopien oder l\u00e4sst man sich tr\u00e4ge und zufrieden mit der Mehrheit treiben? Basierend auf Interviews und dem eigenen Erkunden unerforschter Ecken einer Stadt entwirft Kleine Zukunft eine interdisziplin\u00e4re, audio-aktive Stadtraum-Inszenierung f\u00fcr 40 Fu\u00dfg\u00e4nger, bei der es die gewohnte Umgebung aus neuen Perspektiven zu erleben gibt.<br \/>\nDer Gruppe, welche wir \u00fcber Funkkopfh\u00f6rer durch die Stadt navigieren, stehen interaktive, nicht allt\u00e4gliche Begegnungen mit Personen und Orten bevor. So erfahren die Teilnehmer auf spielerische Art, dass man manchmal aus gewohnten Rollen und Mustern ausbrechen muss. Jeder ist aufgefordert, eigene Visionen f\u00fcr das Leben in unseren St\u00e4dten zu entwerfen und sich in die Gestaltung der Zukunft einzumischen.<\/p>\n<p><span style=\"color: #00ff00;\">Premiere am 8. September. Weitere Vorstellungen 9. \u2013 12. und 22. \u2013 26. September 2015<\/span><\/p>\n<p><a title=\"Kleine Zukunft\" href=\"http:\/\/www.kleine-zukunft.de\" target=\"_blank\"><span style=\"color: #00ff00; text-decoration: underline;\">www.kleine-zukunft.de<\/span><\/a><\/p>\n<p><span style=\"color: #00ff00;\"><a style=\"color: #00ff00;\" href=\"http:\/\/stefaniebischoff.de\/wp-content\/uploads\/2014\/04\/flyer_april15c1.pdf\">Kleine Zukunft PDF<\/a><\/span><\/p>\n<p>&nbsp;<\/p>\n<p>\n\n<div class=\"ngg-galleryoverview ngg-slideshow\"\n\t id=\"ngg-slideshow-790-17769062210\"\n     data-gallery-id=\"790\"\n     style=\"max-width: 800px; max-height: 535px;\">\n\n \t<div id=\"ngg-image-0\" class=\"ngg-gallery-slideshow-image\" style=\"height:535px\">\n\n        <a href=\"https:\/\/stefaniebischoff.de\/wp-content\/gallery\/kleine-zukunft\/walk1.jpg\"\n           title=\"\"\n           data-src=\"https:\/\/stefaniebischoff.de\/wp-content\/gallery\/kleine-zukunft\/walk1.jpg\"\n           data-thumbnail=\"https:\/\/stefaniebischoff.de\/wp-content\/gallery\/kleine-zukunft\/thumbs\/thumbs_walk1.jpg\"\n           data-image-id=\"239\"\n           data-title=\"walk1\"\n           data-description=\"\"\n           class=\"ngg-fancybox\" rel=\"790\">\n\n            <img data-image-id='239'\n                 title=\"\"\n                 alt=\"walk1\"\n                 src=\"https:\/\/stefaniebischoff.de\/wp-content\/gallery\/kleine-zukunft\/walk1.jpg\"\n                 style=\"max-height: 515px;\"\/>\n        <\/a>\n\n        <\/div> \n<div id=\"ngg-image-1\" class=\"ngg-gallery-slideshow-image\" style=\"height:535px\">\n\n        <a href=\"https:\/\/stefaniebischoff.de\/wp-content\/gallery\/kleine-zukunft\/walk4.jpg\"\n           title=\"\"\n           data-src=\"https:\/\/stefaniebischoff.de\/wp-content\/gallery\/kleine-zukunft\/walk4.jpg\"\n           data-thumbnail=\"https:\/\/stefaniebischoff.de\/wp-content\/gallery\/kleine-zukunft\/thumbs\/thumbs_walk4.jpg\"\n           data-image-id=\"242\"\n           data-title=\"walk4\"\n           data-description=\"\"\n           class=\"ngg-fancybox\" rel=\"790\">\n\n            <img data-image-id='242'\n                 title=\"\"\n                 alt=\"walk4\"\n                 src=\"https:\/\/stefaniebischoff.de\/wp-content\/gallery\/kleine-zukunft\/walk4.jpg\"\n                 style=\"max-height: 515px;\"\/>\n        <\/a>\n\n        <\/div> \n<div id=\"ngg-image-2\" class=\"ngg-gallery-slideshow-image\" style=\"height:535px\">\n\n        <a href=\"https:\/\/stefaniebischoff.de\/wp-content\/gallery\/kleine-zukunft\/walk8.jpg\"\n           title=\"\"\n           data-src=\"https:\/\/stefaniebischoff.de\/wp-content\/gallery\/kleine-zukunft\/walk8.jpg\"\n           data-thumbnail=\"https:\/\/stefaniebischoff.de\/wp-content\/gallery\/kleine-zukunft\/thumbs\/thumbs_walk8.jpg\"\n           data-image-id=\"245\"\n           data-title=\"walk8\"\n           data-description=\"\"\n           class=\"ngg-fancybox\" rel=\"790\">\n\n            <img data-image-id='245'\n                 title=\"\"\n                 alt=\"walk8\"\n                 src=\"https:\/\/stefaniebischoff.de\/wp-content\/gallery\/kleine-zukunft\/walk8.jpg\"\n                 style=\"max-height: 515px;\"\/>\n        <\/a>\n\n        <\/div> \n<div id=\"ngg-image-3\" class=\"ngg-gallery-slideshow-image\" style=\"height:535px\">\n\n        <a href=\"https:\/\/stefaniebischoff.de\/wp-content\/gallery\/kleine-zukunft\/walk7.jpg\"\n           title=\"\"\n           data-src=\"https:\/\/stefaniebischoff.de\/wp-content\/gallery\/kleine-zukunft\/walk7.jpg\"\n           data-thumbnail=\"https:\/\/stefaniebischoff.de\/wp-content\/gallery\/kleine-zukunft\/thumbs\/thumbs_walk7.jpg\"\n           data-image-id=\"244\"\n           data-title=\"walk7\"\n           data-description=\"\"\n           class=\"ngg-fancybox\" rel=\"790\">\n\n            <img data-image-id='244'\n                 title=\"\"\n                 alt=\"walk7\"\n                 src=\"https:\/\/stefaniebischoff.de\/wp-content\/gallery\/kleine-zukunft\/walk7.jpg\"\n                 style=\"max-height: 515px;\"\/>\n        <\/a>\n\n        <\/div> \n<div id=\"ngg-image-4\" class=\"ngg-gallery-slideshow-image\" style=\"height:535px\">\n\n        <a href=\"https:\/\/stefaniebischoff.de\/wp-content\/gallery\/kleine-zukunft\/walk6.jpg\"\n           title=\"\"\n           data-src=\"https:\/\/stefaniebischoff.de\/wp-content\/gallery\/kleine-zukunft\/walk6.jpg\"\n           data-thumbnail=\"https:\/\/stefaniebischoff.de\/wp-content\/gallery\/kleine-zukunft\/thumbs\/thumbs_walk6.jpg\"\n           data-image-id=\"243\"\n           data-title=\"walk6\"\n           data-description=\"\"\n           class=\"ngg-fancybox\" rel=\"790\">\n\n            <img data-image-id='243'\n                 title=\"\"\n                 alt=\"walk6\"\n                 src=\"https:\/\/stefaniebischoff.de\/wp-content\/gallery\/kleine-zukunft\/walk6.jpg\"\n                 style=\"max-height: 515px;\"\/>\n        <\/a>\n\n        <\/div> \n<div id=\"ngg-image-5\" class=\"ngg-gallery-slideshow-image\" style=\"height:535px\">\n\n        <a href=\"https:\/\/stefaniebischoff.de\/wp-content\/gallery\/kleine-zukunft\/walk3.jpg\"\n           title=\"\"\n           data-src=\"https:\/\/stefaniebischoff.de\/wp-content\/gallery\/kleine-zukunft\/walk3.jpg\"\n           data-thumbnail=\"https:\/\/stefaniebischoff.de\/wp-content\/gallery\/kleine-zukunft\/thumbs\/thumbs_walk3.jpg\"\n           data-image-id=\"241\"\n           data-title=\"walk3\"\n           data-description=\"\"\n           class=\"ngg-fancybox\" rel=\"790\">\n\n            <img data-image-id='241'\n                 title=\"\"\n                 alt=\"walk3\"\n                 src=\"https:\/\/stefaniebischoff.de\/wp-content\/gallery\/kleine-zukunft\/walk3.jpg\"\n                 style=\"max-height: 515px;\"\/>\n        <\/a>\n\n        <\/div> \n<div id=\"ngg-image-6\" class=\"ngg-gallery-slideshow-image\" style=\"height:535px\">\n\n        <a href=\"https:\/\/stefaniebischoff.de\/wp-content\/gallery\/kleine-zukunft\/walk2.jpg\"\n           title=\"\"\n           data-src=\"https:\/\/stefaniebischoff.de\/wp-content\/gallery\/kleine-zukunft\/walk2.jpg\"\n           data-thumbnail=\"https:\/\/stefaniebischoff.de\/wp-content\/gallery\/kleine-zukunft\/thumbs\/thumbs_walk2.jpg\"\n           data-image-id=\"240\"\n           data-title=\"walk2\"\n           data-description=\"\"\n           class=\"ngg-fancybox\" rel=\"790\">\n\n            <img data-image-id='240'\n                 title=\"\"\n                 alt=\"walk2\"\n                 src=\"https:\/\/stefaniebischoff.de\/wp-content\/gallery\/kleine-zukunft\/walk2.jpg\"\n                 style=\"max-height: 515px;\"\/>\n        <\/a>\n\n        <\/div> \n<\/div>\n\n\n\n<\/p>\n<p><span style=\"color: #333333;\">Kleine Zukunft Salzgitter \u2013 Ich sehe was, was du nicht siehst<br \/>\n<\/span><\/p>\n<p><span style=\"color: #333333;\">\u2013 ein H\u00f6rgang von Christian Wei\u00df und Stefanie Bischoff<\/span><\/p>\n<p><span style=\"color: #333333;\">Dass eine ideale Gesellschaft eigentlich nur in den K\u00f6pfen der Menschen existiert und nie mit der Gegenwart vereinbar ist, haben die meisten von uns schon festgestellt. Es m\u00fcssen nicht immer die gro\u00dfen Ver\u00e4nderungen sein, die die Zukunft bestimmen. Auch mit Alltagsutopien und der Suche nach dem privaten Gl\u00fcck lassen sich Vorbilder schaffen, die eine Gesellschaft lebenswerter machen. Es kommt heute auf die kleinen Ideen an, die das \u00dcberleben von St\u00e4dten sichern und eine gest\u00e4rkte Identit\u00e4t ausmachen. In dem H\u00f6rspaziergang: Kleine Zukunft X begibt sich eine Gruppe von Menschen, ausgestattet mit Funkkopfh\u00f6rern, auf die Suche nach dem versteckten utopischen Potential ihrer Stadt. Denn meist sieht die Zukunft nicht ganz so d\u00fcster aus, wie einem der gewohnte Blick auf die eigene Stadt suggeriert. Die Gegenwart sieht mit den Visionen von Morgen auf den Ohren gleich viel besser aus.<\/span><\/p>\n<p><span style=\"color: #333333;\">Premiere am 2. Oktober 2013 in Salzgitter, Wiederaufnahme 20. Juni 2014<\/span><br \/>\n<a title=\"Kleine Zukunft\" href=\"http:\/\/www.kleine-zukunft.de\" target=\"_blank\"><br \/>\n<\/a><\/p>\n","protected":false},"excerpt":{"rendered":"<p>Kleine Zukunft Braunschweig \u2013\u00a0 Erobere deine Stadt Der Audiowalk Kleine Zukunft untersucht die Zukunftsf\u00e4higkeit von St\u00e4dten, ihr utopisches Potential, und m\u00f6chte der Frage auf den Grund gehen, ob sich Mensch und Gesellschaft im Gleichgewicht befinden. Gibt es N\u00e4hrboden f\u00fcr Utopien oder l\u00e4sst man sich tr\u00e4ge und zufrieden mit der Mehrheit treiben? Basierend auf Interviews und [&hellip;]<\/p>\n","protected":false},"author":1,"featured_media":0,"parent":0,"menu_order":0,"comment_status":"closed","ping_status":"closed","template":"","meta":{"ngg_post_thumbnail":0},"_links":{"self":[{"href":"https:\/\/stefaniebischoff.de\/index.php?rest_route=\/wp\/v2\/pages\/714"}],"collection":[{"href":"https:\/\/stefaniebischoff.de\/index.php?rest_route=\/wp\/v2\/pages"}],"about":[{"href":"https:\/\/stefaniebischoff.de\/index.php?rest_route=\/wp\/v2\/types\/page"}],"author":[{"embeddable":true,"href":"https:\/\/stefaniebischoff.de\/index.php?rest_route=\/wp\/v2\/users\/1"}],"replies":[{"embeddable":true,"href":"https:\/\/stefaniebischoff.de\/index.php?rest_route=%2Fwp%2Fv2%2Fcomments&post=714"}],"version-history":[{"count":32,"href":"https:\/\/stefaniebischoff.de\/index.php?rest_route=\/wp\/v2\/pages\/714\/revisions"}],"predecessor-version":[{"id":1397,"href":"https:\/\/stefaniebischoff.de\/index.php?rest_route=\/wp\/v2\/pages\/714\/revisions\/1397"}],"wp:attachment":[{"href":"https:\/\/stefaniebischoff.de\/index.php?rest_route=%2Fwp%2Fv2%2Fmedia&parent=714"}],"curies":[{"name":"wp","href":"https:\/\/api.w.org\/{rel}","templated":true}]}}