{"id":727,"date":"2014-04-14T16:58:39","date_gmt":"2014-04-14T14:58:39","guid":{"rendered":"http:\/\/stefaniebischoff.de\/?page_id=727"},"modified":"2016-01-14T15:33:05","modified_gmt":"2016-01-14T13:33:05","slug":"beijing-riders","status":"publish","type":"page","link":"https:\/\/stefaniebischoff.de\/?page_id=727","title":{"rendered":"Beijing Riders"},"content":{"rendered":"<p>\n\n<div class=\"ngg-galleryoverview ngg-slideshow\"\n\t id=\"ngg-slideshow-737-1236706330\"\n     data-gallery-id=\"737\"\n     style=\"max-width: 800px; max-height: 535px;\">\n\n \t<div id=\"ngg-image-0\" class=\"ngg-gallery-slideshow-image\" style=\"height:535px\">\n\n        <a href=\"https:\/\/stefaniebischoff.de\/wp-content\/gallery2\/beijing-riders\/BR_MG_7153.jpg\"\n           title=\"\"\n           data-src=\"https:\/\/stefaniebischoff.de\/wp-content\/gallery2\/beijing-riders\/BR_MG_7153.jpg\"\n           data-thumbnail=\"https:\/\/stefaniebischoff.de\/wp-content\/gallery2\/beijing-riders\/thumbs\/thumbs_BR_MG_7153.jpg\"\n           data-image-id=\"280\"\n           data-title=\"BR_MG_7153\"\n           data-description=\"\"\n           class=\"ngg-fancybox\" rel=\"737\">\n\n            <img data-image-id='280'\n                 title=\"\"\n                 alt=\"BR_MG_7153\"\n                 src=\"https:\/\/stefaniebischoff.de\/wp-content\/gallery2\/beijing-riders\/BR_MG_7153.jpg\"\n                 style=\"max-height: 515px;\"\/>\n        <\/a>\n\n        <\/div> \n<div id=\"ngg-image-1\" class=\"ngg-gallery-slideshow-image\" style=\"height:535px\">\n\n        <a href=\"https:\/\/stefaniebischoff.de\/wp-content\/gallery2\/beijing-riders\/BR_MG_7154.jpg\"\n           title=\"\"\n           data-src=\"https:\/\/stefaniebischoff.de\/wp-content\/gallery2\/beijing-riders\/BR_MG_7154.jpg\"\n           data-thumbnail=\"https:\/\/stefaniebischoff.de\/wp-content\/gallery2\/beijing-riders\/thumbs\/thumbs_BR_MG_7154.jpg\"\n           data-image-id=\"281\"\n           data-title=\"BR_MG_7154\"\n           data-description=\"\"\n           class=\"ngg-fancybox\" rel=\"737\">\n\n            <img data-image-id='281'\n                 title=\"\"\n                 alt=\"BR_MG_7154\"\n                 src=\"https:\/\/stefaniebischoff.de\/wp-content\/gallery2\/beijing-riders\/BR_MG_7154.jpg\"\n                 style=\"max-height: 515px;\"\/>\n        <\/a>\n\n        <\/div> \n<div id=\"ngg-image-2\" class=\"ngg-gallery-slideshow-image\" style=\"height:535px\">\n\n        <a href=\"https:\/\/stefaniebischoff.de\/wp-content\/gallery2\/beijing-riders\/BR_MG_7155.jpg\"\n           title=\"\"\n           data-src=\"https:\/\/stefaniebischoff.de\/wp-content\/gallery2\/beijing-riders\/BR_MG_7155.jpg\"\n           data-thumbnail=\"https:\/\/stefaniebischoff.de\/wp-content\/gallery2\/beijing-riders\/thumbs\/thumbs_BR_MG_7155.jpg\"\n           data-image-id=\"282\"\n           data-title=\"BR_MG_7155\"\n           data-description=\"\"\n           class=\"ngg-fancybox\" rel=\"737\">\n\n            <img data-image-id='282'\n                 title=\"\"\n                 alt=\"BR_MG_7155\"\n                 src=\"https:\/\/stefaniebischoff.de\/wp-content\/gallery2\/beijing-riders\/BR_MG_7155.jpg\"\n                 style=\"max-height: 515px;\"\/>\n        <\/a>\n\n        <\/div> \n<div id=\"ngg-image-3\" class=\"ngg-gallery-slideshow-image\" style=\"height:535px\">\n\n        <a href=\"https:\/\/stefaniebischoff.de\/wp-content\/gallery2\/beijing-riders\/BR_MG_7152.jpg\"\n           title=\"\"\n           data-src=\"https:\/\/stefaniebischoff.de\/wp-content\/gallery2\/beijing-riders\/BR_MG_7152.jpg\"\n           data-thumbnail=\"https:\/\/stefaniebischoff.de\/wp-content\/gallery2\/beijing-riders\/thumbs\/thumbs_BR_MG_7152.jpg\"\n           data-image-id=\"279\"\n           data-title=\"BR_MG_7152\"\n           data-description=\"\"\n           class=\"ngg-fancybox\" rel=\"737\">\n\n            <img data-image-id='279'\n                 title=\"\"\n                 alt=\"BR_MG_7152\"\n                 src=\"https:\/\/stefaniebischoff.de\/wp-content\/gallery2\/beijing-riders\/BR_MG_7152.jpg\"\n                 style=\"max-height: 515px;\"\/>\n        <\/a>\n\n        <\/div> \n<div id=\"ngg-image-4\" class=\"ngg-gallery-slideshow-image\" style=\"height:535px\">\n\n        <a href=\"https:\/\/stefaniebischoff.de\/wp-content\/gallery2\/beijing-riders\/BR_MG_7156.jpg\"\n           title=\"\"\n           data-src=\"https:\/\/stefaniebischoff.de\/wp-content\/gallery2\/beijing-riders\/BR_MG_7156.jpg\"\n           data-thumbnail=\"https:\/\/stefaniebischoff.de\/wp-content\/gallery2\/beijing-riders\/thumbs\/thumbs_BR_MG_7156.jpg\"\n           data-image-id=\"283\"\n           data-title=\"BR_MG_7156\"\n           data-description=\"\"\n           class=\"ngg-fancybox\" rel=\"737\">\n\n            <img data-image-id='283'\n                 title=\"\"\n                 alt=\"BR_MG_7156\"\n                 src=\"https:\/\/stefaniebischoff.de\/wp-content\/gallery2\/beijing-riders\/BR_MG_7156.jpg\"\n                 style=\"max-height: 515px;\"\/>\n        <\/a>\n\n        <\/div> \n<div id=\"ngg-image-5\" class=\"ngg-gallery-slideshow-image\" style=\"height:535px\">\n\n        <a href=\"https:\/\/stefaniebischoff.de\/wp-content\/gallery2\/beijing-riders\/BR_MG_7157.jpg\"\n           title=\"\"\n           data-src=\"https:\/\/stefaniebischoff.de\/wp-content\/gallery2\/beijing-riders\/BR_MG_7157.jpg\"\n           data-thumbnail=\"https:\/\/stefaniebischoff.de\/wp-content\/gallery2\/beijing-riders\/thumbs\/thumbs_BR_MG_7157.jpg\"\n           data-image-id=\"284\"\n           data-title=\"BR_MG_7157\"\n           data-description=\"\"\n           class=\"ngg-fancybox\" rel=\"737\">\n\n            <img data-image-id='284'\n                 title=\"\"\n                 alt=\"BR_MG_7157\"\n                 src=\"https:\/\/stefaniebischoff.de\/wp-content\/gallery2\/beijing-riders\/BR_MG_7157.jpg\"\n                 style=\"max-height: 515px;\"\/>\n        <\/a>\n\n        <\/div> \n<div id=\"ngg-image-6\" class=\"ngg-gallery-slideshow-image\" style=\"height:535px\">\n\n        <a href=\"https:\/\/stefaniebischoff.de\/wp-content\/gallery2\/beijing-riders\/BR_MG_7158.jpg\"\n           title=\"\"\n           data-src=\"https:\/\/stefaniebischoff.de\/wp-content\/gallery2\/beijing-riders\/BR_MG_7158.jpg\"\n           data-thumbnail=\"https:\/\/stefaniebischoff.de\/wp-content\/gallery2\/beijing-riders\/thumbs\/thumbs_BR_MG_7158.jpg\"\n           data-image-id=\"285\"\n           data-title=\"BR_MG_7158\"\n           data-description=\"\"\n           class=\"ngg-fancybox\" rel=\"737\">\n\n            <img data-image-id='285'\n                 title=\"\"\n                 alt=\"BR_MG_7158\"\n                 src=\"https:\/\/stefaniebischoff.de\/wp-content\/gallery2\/beijing-riders\/BR_MG_7158.jpg\"\n                 style=\"max-height: 515px;\"\/>\n        <\/a>\n\n        <\/div> \n<div id=\"ngg-image-7\" class=\"ngg-gallery-slideshow-image\" style=\"height:535px\">\n\n        <a href=\"https:\/\/stefaniebischoff.de\/wp-content\/gallery2\/beijing-riders\/BR_MG_7159.jpg\"\n           title=\"\"\n           data-src=\"https:\/\/stefaniebischoff.de\/wp-content\/gallery2\/beijing-riders\/BR_MG_7159.jpg\"\n           data-thumbnail=\"https:\/\/stefaniebischoff.de\/wp-content\/gallery2\/beijing-riders\/thumbs\/thumbs_BR_MG_7159.jpg\"\n           data-image-id=\"286\"\n           data-title=\"BR_MG_7159\"\n           data-description=\"\"\n           class=\"ngg-fancybox\" rel=\"737\">\n\n            <img data-image-id='286'\n                 title=\"\"\n                 alt=\"BR_MG_7159\"\n                 src=\"https:\/\/stefaniebischoff.de\/wp-content\/gallery2\/beijing-riders\/BR_MG_7159.jpg\"\n                 style=\"max-height: 515px;\"\/>\n        <\/a>\n\n        <\/div> \n<div id=\"ngg-image-8\" class=\"ngg-gallery-slideshow-image\" style=\"height:535px\">\n\n        <a href=\"https:\/\/stefaniebischoff.de\/wp-content\/gallery2\/beijing-riders\/BR_MG_7160.jpg\"\n           title=\"\"\n           data-src=\"https:\/\/stefaniebischoff.de\/wp-content\/gallery2\/beijing-riders\/BR_MG_7160.jpg\"\n           data-thumbnail=\"https:\/\/stefaniebischoff.de\/wp-content\/gallery2\/beijing-riders\/thumbs\/thumbs_BR_MG_7160.jpg\"\n           data-image-id=\"287\"\n           data-title=\"BR_MG_7160\"\n           data-description=\"\"\n           class=\"ngg-fancybox\" rel=\"737\">\n\n            <img data-image-id='287'\n                 title=\"\"\n                 alt=\"BR_MG_7160\"\n                 src=\"https:\/\/stefaniebischoff.de\/wp-content\/gallery2\/beijing-riders\/BR_MG_7160.jpg\"\n                 style=\"max-height: 515px;\"\/>\n        <\/a>\n\n        <\/div> \n<div id=\"ngg-image-9\" class=\"ngg-gallery-slideshow-image\" style=\"height:535px\">\n\n        <a href=\"https:\/\/stefaniebischoff.de\/wp-content\/gallery2\/beijing-riders\/BR_MG_7161.jpg\"\n           title=\"\"\n           data-src=\"https:\/\/stefaniebischoff.de\/wp-content\/gallery2\/beijing-riders\/BR_MG_7161.jpg\"\n           data-thumbnail=\"https:\/\/stefaniebischoff.de\/wp-content\/gallery2\/beijing-riders\/thumbs\/thumbs_BR_MG_7161.jpg\"\n           data-image-id=\"288\"\n           data-title=\"BR_MG_7161\"\n           data-description=\"\"\n           class=\"ngg-fancybox\" rel=\"737\">\n\n            <img data-image-id='288'\n                 title=\"\"\n                 alt=\"BR_MG_7161\"\n                 src=\"https:\/\/stefaniebischoff.de\/wp-content\/gallery2\/beijing-riders\/BR_MG_7161.jpg\"\n                 style=\"max-height: 515px;\"\/>\n        <\/a>\n\n        <\/div> \n<div id=\"ngg-image-10\" class=\"ngg-gallery-slideshow-image\" style=\"height:535px\">\n\n        <a href=\"https:\/\/stefaniebischoff.de\/wp-content\/gallery2\/beijing-riders\/BR_MG_7162.jpg\"\n           title=\"\"\n           data-src=\"https:\/\/stefaniebischoff.de\/wp-content\/gallery2\/beijing-riders\/BR_MG_7162.jpg\"\n           data-thumbnail=\"https:\/\/stefaniebischoff.de\/wp-content\/gallery2\/beijing-riders\/thumbs\/thumbs_BR_MG_7162.jpg\"\n           data-image-id=\"289\"\n           data-title=\"BR_MG_7162\"\n           data-description=\"\"\n           class=\"ngg-fancybox\" rel=\"737\">\n\n            <img data-image-id='289'\n                 title=\"\"\n                 alt=\"BR_MG_7162\"\n                 src=\"https:\/\/stefaniebischoff.de\/wp-content\/gallery2\/beijing-riders\/BR_MG_7162.jpg\"\n                 style=\"max-height: 515px;\"\/>\n        <\/a>\n\n        <\/div> \n<div id=\"ngg-image-11\" class=\"ngg-gallery-slideshow-image\" style=\"height:535px\">\n\n        <a href=\"https:\/\/stefaniebischoff.de\/wp-content\/gallery2\/beijing-riders\/BR_MG_7163.jpg\"\n           title=\"\"\n           data-src=\"https:\/\/stefaniebischoff.de\/wp-content\/gallery2\/beijing-riders\/BR_MG_7163.jpg\"\n           data-thumbnail=\"https:\/\/stefaniebischoff.de\/wp-content\/gallery2\/beijing-riders\/thumbs\/thumbs_BR_MG_7163.jpg\"\n           data-image-id=\"290\"\n           data-title=\"BR_MG_7163\"\n           data-description=\"\"\n           class=\"ngg-fancybox\" rel=\"737\">\n\n            <img data-image-id='290'\n                 title=\"\"\n                 alt=\"BR_MG_7163\"\n                 src=\"https:\/\/stefaniebischoff.de\/wp-content\/gallery2\/beijing-riders\/BR_MG_7163.jpg\"\n                 style=\"max-height: 515px;\"\/>\n        <\/a>\n\n        <\/div> \n<div id=\"ngg-image-12\" class=\"ngg-gallery-slideshow-image\" style=\"height:535px\">\n\n        <a href=\"https:\/\/stefaniebischoff.de\/wp-content\/gallery2\/beijing-riders\/BR_MG_7164.jpg\"\n           title=\"\"\n           data-src=\"https:\/\/stefaniebischoff.de\/wp-content\/gallery2\/beijing-riders\/BR_MG_7164.jpg\"\n           data-thumbnail=\"https:\/\/stefaniebischoff.de\/wp-content\/gallery2\/beijing-riders\/thumbs\/thumbs_BR_MG_7164.jpg\"\n           data-image-id=\"291\"\n           data-title=\"BR_MG_7164\"\n           data-description=\"\"\n           class=\"ngg-fancybox\" rel=\"737\">\n\n            <img data-image-id='291'\n                 title=\"\"\n                 alt=\"BR_MG_7164\"\n                 src=\"https:\/\/stefaniebischoff.de\/wp-content\/gallery2\/beijing-riders\/BR_MG_7164.jpg\"\n                 style=\"max-height: 515px;\"\/>\n        <\/a>\n\n        <\/div> \n<div id=\"ngg-image-13\" class=\"ngg-gallery-slideshow-image\" style=\"height:535px\">\n\n        <a href=\"https:\/\/stefaniebischoff.de\/wp-content\/gallery2\/beijing-riders\/BR_MG_7165.jpg\"\n           title=\"\"\n           data-src=\"https:\/\/stefaniebischoff.de\/wp-content\/gallery2\/beijing-riders\/BR_MG_7165.jpg\"\n           data-thumbnail=\"https:\/\/stefaniebischoff.de\/wp-content\/gallery2\/beijing-riders\/thumbs\/thumbs_BR_MG_7165.jpg\"\n           data-image-id=\"292\"\n           data-title=\"BR_MG_7165\"\n           data-description=\"\"\n           class=\"ngg-fancybox\" rel=\"737\">\n\n            <img data-image-id='292'\n                 title=\"\"\n                 alt=\"BR_MG_7165\"\n                 src=\"https:\/\/stefaniebischoff.de\/wp-content\/gallery2\/beijing-riders\/BR_MG_7165.jpg\"\n                 style=\"max-height: 515px;\"\/>\n        <\/a>\n\n        <\/div> \n<div id=\"ngg-image-14\" class=\"ngg-gallery-slideshow-image\" style=\"height:535px\">\n\n        <a href=\"https:\/\/stefaniebischoff.de\/wp-content\/gallery2\/beijing-riders\/br_pudel_1.jpg\"\n           title=\"\"\n           data-src=\"https:\/\/stefaniebischoff.de\/wp-content\/gallery2\/beijing-riders\/br_pudel_1.jpg\"\n           data-thumbnail=\"https:\/\/stefaniebischoff.de\/wp-content\/gallery2\/beijing-riders\/thumbs\/thumbs_br_pudel_1.jpg\"\n           data-image-id=\"174\"\n           data-title=\"br_pudel_1\"\n           data-description=\"\"\n           class=\"ngg-fancybox\" rel=\"737\">\n\n            <img data-image-id='174'\n                 title=\"\"\n                 alt=\"br_pudel_1\"\n                 src=\"https:\/\/stefaniebischoff.de\/wp-content\/gallery2\/beijing-riders\/br_pudel_1.jpg\"\n                 style=\"max-height: 515px;\"\/>\n        <\/a>\n\n        <\/div> \n<div id=\"ngg-image-15\" class=\"ngg-gallery-slideshow-image\" style=\"height:535px\">\n\n        <a href=\"https:\/\/stefaniebischoff.de\/wp-content\/gallery2\/beijing-riders\/br_pudel_2.jpg\"\n           title=\"\"\n           data-src=\"https:\/\/stefaniebischoff.de\/wp-content\/gallery2\/beijing-riders\/br_pudel_2.jpg\"\n           data-thumbnail=\"https:\/\/stefaniebischoff.de\/wp-content\/gallery2\/beijing-riders\/thumbs\/thumbs_br_pudel_2.jpg\"\n           data-image-id=\"175\"\n           data-title=\"br_pudel_2\"\n           data-description=\"\"\n           class=\"ngg-fancybox\" rel=\"737\">\n\n            <img data-image-id='175'\n                 title=\"\"\n                 alt=\"br_pudel_2\"\n                 src=\"https:\/\/stefaniebischoff.de\/wp-content\/gallery2\/beijing-riders\/br_pudel_2.jpg\"\n                 style=\"max-height: 515px;\"\/>\n        <\/a>\n\n        <\/div> \n<div id=\"ngg-image-16\" class=\"ngg-gallery-slideshow-image\" style=\"height:535px\">\n\n        <a href=\"https:\/\/stefaniebischoff.de\/wp-content\/gallery2\/beijing-riders\/br_pudel_3.jpg\"\n           title=\"\"\n           data-src=\"https:\/\/stefaniebischoff.de\/wp-content\/gallery2\/beijing-riders\/br_pudel_3.jpg\"\n           data-thumbnail=\"https:\/\/stefaniebischoff.de\/wp-content\/gallery2\/beijing-riders\/thumbs\/thumbs_br_pudel_3.jpg\"\n           data-image-id=\"176\"\n           data-title=\"br_pudel_3\"\n           data-description=\"\"\n           class=\"ngg-fancybox\" rel=\"737\">\n\n            <img data-image-id='176'\n                 title=\"\"\n                 alt=\"br_pudel_3\"\n                 src=\"https:\/\/stefaniebischoff.de\/wp-content\/gallery2\/beijing-riders\/br_pudel_3.jpg\"\n                 style=\"max-height: 515px;\"\/>\n        <\/a>\n\n        <\/div> \n<div id=\"ngg-image-17\" class=\"ngg-gallery-slideshow-image\" style=\"height:535px\">\n\n        <a href=\"https:\/\/stefaniebischoff.de\/wp-content\/gallery2\/beijing-riders\/br_pudel_4.jpg\"\n           title=\"\"\n           data-src=\"https:\/\/stefaniebischoff.de\/wp-content\/gallery2\/beijing-riders\/br_pudel_4.jpg\"\n           data-thumbnail=\"https:\/\/stefaniebischoff.de\/wp-content\/gallery2\/beijing-riders\/thumbs\/thumbs_br_pudel_4.jpg\"\n           data-image-id=\"177\"\n           data-title=\"br_pudel_4\"\n           data-description=\"\"\n           class=\"ngg-fancybox\" rel=\"737\">\n\n            <img data-image-id='177'\n                 title=\"\"\n                 alt=\"br_pudel_4\"\n                 src=\"https:\/\/stefaniebischoff.de\/wp-content\/gallery2\/beijing-riders\/br_pudel_4.jpg\"\n                 style=\"max-height: 515px;\"\/>\n        <\/a>\n\n        <\/div> \n<div id=\"ngg-image-18\" class=\"ngg-gallery-slideshow-image\" style=\"height:535px\">\n\n        <a href=\"https:\/\/stefaniebischoff.de\/wp-content\/gallery2\/beijing-riders\/br_pudel_5.jpg\"\n           title=\"\"\n           data-src=\"https:\/\/stefaniebischoff.de\/wp-content\/gallery2\/beijing-riders\/br_pudel_5.jpg\"\n           data-thumbnail=\"https:\/\/stefaniebischoff.de\/wp-content\/gallery2\/beijing-riders\/thumbs\/thumbs_br_pudel_5.jpg\"\n           data-image-id=\"178\"\n           data-title=\"br_pudel_5\"\n           data-description=\"\"\n           class=\"ngg-fancybox\" rel=\"737\">\n\n            <img data-image-id='178'\n                 title=\"\"\n                 alt=\"br_pudel_5\"\n                 src=\"https:\/\/stefaniebischoff.de\/wp-content\/gallery2\/beijing-riders\/br_pudel_5.jpg\"\n                 style=\"max-height: 515px;\"\/>\n        <\/a>\n\n        <\/div> \n<div id=\"ngg-image-19\" class=\"ngg-gallery-slideshow-image\" style=\"height:535px\">\n\n        <a href=\"https:\/\/stefaniebischoff.de\/wp-content\/gallery2\/beijing-riders\/br_pudel_6.jpg\"\n           title=\"\"\n           data-src=\"https:\/\/stefaniebischoff.de\/wp-content\/gallery2\/beijing-riders\/br_pudel_6.jpg\"\n           data-thumbnail=\"https:\/\/stefaniebischoff.de\/wp-content\/gallery2\/beijing-riders\/thumbs\/thumbs_br_pudel_6.jpg\"\n           data-image-id=\"179\"\n           data-title=\"br_pudel_6\"\n           data-description=\"\"\n           class=\"ngg-fancybox\" rel=\"737\">\n\n            <img data-image-id='179'\n                 title=\"\"\n                 alt=\"br_pudel_6\"\n                 src=\"https:\/\/stefaniebischoff.de\/wp-content\/gallery2\/beijing-riders\/br_pudel_6.jpg\"\n                 style=\"max-height: 515px;\"\/>\n        <\/a>\n\n        <\/div> \n<div id=\"ngg-image-20\" class=\"ngg-gallery-slideshow-image\" style=\"height:535px\">\n\n        <a href=\"https:\/\/stefaniebischoff.de\/wp-content\/gallery2\/beijing-riders\/br_pudel_7.jpg\"\n           title=\"\"\n           data-src=\"https:\/\/stefaniebischoff.de\/wp-content\/gallery2\/beijing-riders\/br_pudel_7.jpg\"\n           data-thumbnail=\"https:\/\/stefaniebischoff.de\/wp-content\/gallery2\/beijing-riders\/thumbs\/thumbs_br_pudel_7.jpg\"\n           data-image-id=\"180\"\n           data-title=\"br_pudel_7\"\n           data-description=\"\"\n           class=\"ngg-fancybox\" rel=\"737\">\n\n            <img data-image-id='180'\n                 title=\"\"\n                 alt=\"br_pudel_7\"\n                 src=\"https:\/\/stefaniebischoff.de\/wp-content\/gallery2\/beijing-riders\/br_pudel_7.jpg\"\n                 style=\"max-height: 515px;\"\/>\n        <\/a>\n\n        <\/div> \n<div id=\"ngg-image-21\" class=\"ngg-gallery-slideshow-image\" style=\"height:535px\">\n\n        <a href=\"https:\/\/stefaniebischoff.de\/wp-content\/gallery2\/beijing-riders\/br_pudel_8.jpg\"\n           title=\"\"\n           data-src=\"https:\/\/stefaniebischoff.de\/wp-content\/gallery2\/beijing-riders\/br_pudel_8.jpg\"\n           data-thumbnail=\"https:\/\/stefaniebischoff.de\/wp-content\/gallery2\/beijing-riders\/thumbs\/thumbs_br_pudel_8.jpg\"\n           data-image-id=\"181\"\n           data-title=\"br_pudel_8\"\n           data-description=\"\"\n           class=\"ngg-fancybox\" rel=\"737\">\n\n            <img data-image-id='181'\n                 title=\"\"\n                 alt=\"br_pudel_8\"\n                 src=\"https:\/\/stefaniebischoff.de\/wp-content\/gallery2\/beijing-riders\/br_pudel_8.jpg\"\n                 style=\"max-height: 515px;\"\/>\n        <\/a>\n\n        <\/div> \n<div id=\"ngg-image-22\" class=\"ngg-gallery-slideshow-image\" style=\"height:535px\">\n\n        <a href=\"https:\/\/stefaniebischoff.de\/wp-content\/gallery2\/beijing-riders\/br_pudel_9.jpg\"\n           title=\"\"\n           data-src=\"https:\/\/stefaniebischoff.de\/wp-content\/gallery2\/beijing-riders\/br_pudel_9.jpg\"\n           data-thumbnail=\"https:\/\/stefaniebischoff.de\/wp-content\/gallery2\/beijing-riders\/thumbs\/thumbs_br_pudel_9.jpg\"\n           data-image-id=\"182\"\n           data-title=\"br_pudel_9\"\n           data-description=\"\"\n           class=\"ngg-fancybox\" rel=\"737\">\n\n            <img data-image-id='182'\n                 title=\"\"\n                 alt=\"br_pudel_9\"\n                 src=\"https:\/\/stefaniebischoff.de\/wp-content\/gallery2\/beijing-riders\/br_pudel_9.jpg\"\n                 style=\"max-height: 515px;\"\/>\n        <\/a>\n\n        <\/div> \n<\/div>\n\n\n\n<\/p>\n<p>Beijing Riders, 2012<\/p>\n<p>Das Abwarten, der eingefrorene Moment, der in Sekundenbruchteilen zur Aktion wird,\u00a0 ist Ausgangspunkt der Serie. Wie\u00a0 veranschaulicht man \u201eWarten\u201c \u2013 dies war sicherlich meine unformulierte Frage als ich intuitiv auf die Aufstellungen am Stra\u00dfenrand blickte. Was passiert in der Zeit, in der alle Sinne auf die zuk\u00fcnftige Handlung gerichtet sind? In der die Gedanken nicht beim Warten sind sondern dem, was darauf folgt.<br \/>\nDer Seriencharakter veranschaulicht den verh\u00e4ltnism\u00e4\u00dfig langen Zeitraum in dem die Verkehrsteilnehmer auf den \u201eStartschuss\u201c, das Ampelsignal, warten und teilweise selbst zu einem Fixpunkt im Bild werden w\u00e4hrend der Verkehr um sie herum flie\u00dft.<br \/>\nDer Blick auf das Foto offenbart nicht nur einen gegenw\u00e4rtigen Moment im Augenblick der Aufnahme, sondern beinhaltet vergangene und zuk\u00fcnftige Abl\u00e4ufe, die man aufgrund der zielgerichteten Bewegung mitdenkt. Die Protagonisten vollziehen eine Choreografie, die vorherbestimmt ist, die man geradezu erwartet. In der kurzen Zeit, in der wir ihrem Weg folgen, haben wir ihnen eine Rolle zugedacht. Anhand von Details und Beziehungen untereinander sind Charaktere entstanden, die wir, wie auf einer B\u00fchne, verfolgen und minutenlang an ihrem Schicksal teilnehmen.<\/p>\n<p>\/\/\/<em> The frozen moment which turns in a split second into action. I focused on the tension of waiting, a subconscious preparing of action, the start of movement to happen. How can I visualize the act of waiting? was my question when observing the street scenes in Beijing. All thoughts are focused on the future activity. The sequence emphasises the relatively long time frame in which the traffic situation condences itself and finally starts spreading until the next unterruption follows. The people edging ahead become actors on a stage. I chose a protogonist which became my fixing point. By following the path my player tooks, it more and more became a choreography wherein everyone plays a role and defines his character by the little details one gets to know by watching. A glimpse in a heros destiny.<br \/>\n<\/em><\/p>\n","protected":false},"excerpt":{"rendered":"<p>Beijing Riders, 2012 Das Abwarten, der eingefrorene Moment, der in Sekundenbruchteilen zur Aktion wird,\u00a0 ist Ausgangspunkt der Serie. Wie\u00a0 veranschaulicht man \u201eWarten\u201c \u2013 dies war sicherlich meine unformulierte Frage als ich intuitiv auf die Aufstellungen am Stra\u00dfenrand blickte. Was passiert in der Zeit, in der alle Sinne auf die zuk\u00fcnftige Handlung gerichtet sind? In der [&hellip;]<\/p>\n","protected":false},"author":1,"featured_media":0,"parent":0,"menu_order":0,"comment_status":"closed","ping_status":"closed","template":"","meta":{"ngg_post_thumbnail":0},"_links":{"self":[{"href":"https:\/\/stefaniebischoff.de\/index.php?rest_route=\/wp\/v2\/pages\/727"}],"collection":[{"href":"https:\/\/stefaniebischoff.de\/index.php?rest_route=\/wp\/v2\/pages"}],"about":[{"href":"https:\/\/stefaniebischoff.de\/index.php?rest_route=\/wp\/v2\/types\/page"}],"author":[{"embeddable":true,"href":"https:\/\/stefaniebischoff.de\/index.php?rest_route=\/wp\/v2\/users\/1"}],"replies":[{"embeddable":true,"href":"https:\/\/stefaniebischoff.de\/index.php?rest_route=%2Fwp%2Fv2%2Fcomments&post=727"}],"version-history":[{"count":13,"href":"https:\/\/stefaniebischoff.de\/index.php?rest_route=\/wp\/v2\/pages\/727\/revisions"}],"predecessor-version":[{"id":1332,"href":"https:\/\/stefaniebischoff.de\/index.php?rest_route=\/wp\/v2\/pages\/727\/revisions\/1332"}],"wp:attachment":[{"href":"https:\/\/stefaniebischoff.de\/index.php?rest_route=%2Fwp%2Fv2%2Fmedia&parent=727"}],"curies":[{"name":"wp","href":"https:\/\/api.w.org\/{rel}","templated":true}]}}