{"id":749,"date":"2014-04-15T15:41:18","date_gmt":"2014-04-15T13:41:18","guid":{"rendered":"http:\/\/stefaniebischoff.de\/?page_id=749"},"modified":"2015-07-10T12:31:50","modified_gmt":"2015-07-10T10:31:50","slug":"sagenlandschaften","status":"publish","type":"page","link":"https:\/\/stefaniebischoff.de\/?page_id=749","title":{"rendered":"Sagenlandschaften"},"content":{"rendered":"<p>\n\n<div class=\"ngg-galleryoverview ngg-slideshow\"\n\t id=\"ngg-slideshow-754-14393128850\"\n     data-gallery-id=\"754\"\n     style=\"max-width: 800px; max-height: 535px;\">\n\n \t<div id=\"ngg-image-0\" class=\"ngg-gallery-slideshow-image\" style=\"height:535px\">\n\n        <a href=\"https:\/\/stefaniebischoff.de\/wp-content\/gallery\/mittelgebirge\/aepfelsw.jpg\"\n           title=\"\"\n           data-src=\"https:\/\/stefaniebischoff.de\/wp-content\/gallery\/mittelgebirge\/aepfelsw.jpg\"\n           data-thumbnail=\"https:\/\/stefaniebischoff.de\/wp-content\/gallery\/mittelgebirge\/thumbs\/thumbs_aepfelsw.jpg\"\n           data-image-id=\"263\"\n           data-title=\"aepfelsw\"\n           data-description=\"\"\n           class=\"ngg-fancybox\" rel=\"754\">\n\n            <img data-image-id='263'\n                 title=\"\"\n                 alt=\"aepfelsw\"\n                 src=\"https:\/\/stefaniebischoff.de\/wp-content\/gallery\/mittelgebirge\/aepfelsw.jpg\"\n                 style=\"max-height: 515px;\"\/>\n        <\/a>\n\n        <\/div> \n<div id=\"ngg-image-1\" class=\"ngg-gallery-slideshow-image\" style=\"height:535px\">\n\n        <a href=\"https:\/\/stefaniebischoff.de\/wp-content\/gallery\/mittelgebirge\/baerloewesw.jpg\"\n           title=\"\"\n           data-src=\"https:\/\/stefaniebischoff.de\/wp-content\/gallery\/mittelgebirge\/baerloewesw.jpg\"\n           data-thumbnail=\"https:\/\/stefaniebischoff.de\/wp-content\/gallery\/mittelgebirge\/thumbs\/thumbs_baerloewesw.jpg\"\n           data-image-id=\"264\"\n           data-title=\"baerloewesw\"\n           data-description=\"\"\n           class=\"ngg-fancybox\" rel=\"754\">\n\n            <img data-image-id='264'\n                 title=\"\"\n                 alt=\"baerloewesw\"\n                 src=\"https:\/\/stefaniebischoff.de\/wp-content\/gallery\/mittelgebirge\/baerloewesw.jpg\"\n                 style=\"max-height: 515px;\"\/>\n        <\/a>\n\n        <\/div> \n<div id=\"ngg-image-2\" class=\"ngg-gallery-slideshow-image\" style=\"height:535px\">\n\n        <a href=\"https:\/\/stefaniebischoff.de\/wp-content\/gallery\/mittelgebirge\/baum2_sw.jpg\"\n           title=\"\"\n           data-src=\"https:\/\/stefaniebischoff.de\/wp-content\/gallery\/mittelgebirge\/baum2_sw.jpg\"\n           data-thumbnail=\"https:\/\/stefaniebischoff.de\/wp-content\/gallery\/mittelgebirge\/thumbs\/thumbs_baum2_sw.jpg\"\n           data-image-id=\"262\"\n           data-title=\"baum2_sw\"\n           data-description=\"\"\n           class=\"ngg-fancybox\" rel=\"754\">\n\n            <img data-image-id='262'\n                 title=\"\"\n                 alt=\"baum2_sw\"\n                 src=\"https:\/\/stefaniebischoff.de\/wp-content\/gallery\/mittelgebirge\/baum2_sw.jpg\"\n                 style=\"max-height: 515px;\"\/>\n        <\/a>\n\n        <\/div> \n<div id=\"ngg-image-3\" class=\"ngg-gallery-slideshow-image\" style=\"height:535px\">\n\n        <a href=\"https:\/\/stefaniebischoff.de\/wp-content\/gallery\/mittelgebirge\/haussw.jpg\"\n           title=\"\"\n           data-src=\"https:\/\/stefaniebischoff.de\/wp-content\/gallery\/mittelgebirge\/haussw.jpg\"\n           data-thumbnail=\"https:\/\/stefaniebischoff.de\/wp-content\/gallery\/mittelgebirge\/thumbs\/thumbs_haussw.jpg\"\n           data-image-id=\"260\"\n           data-title=\"haussw\"\n           data-description=\"\"\n           class=\"ngg-fancybox\" rel=\"754\">\n\n            <img data-image-id='260'\n                 title=\"\"\n                 alt=\"haussw\"\n                 src=\"https:\/\/stefaniebischoff.de\/wp-content\/gallery\/mittelgebirge\/haussw.jpg\"\n                 style=\"max-height: 515px;\"\/>\n        <\/a>\n\n        <\/div> \n<div id=\"ngg-image-4\" class=\"ngg-gallery-slideshow-image\" style=\"height:535px\">\n\n        <a href=\"https:\/\/stefaniebischoff.de\/wp-content\/gallery\/mittelgebirge\/schlangesw.jpg\"\n           title=\"\"\n           data-src=\"https:\/\/stefaniebischoff.de\/wp-content\/gallery\/mittelgebirge\/schlangesw.jpg\"\n           data-thumbnail=\"https:\/\/stefaniebischoff.de\/wp-content\/gallery\/mittelgebirge\/thumbs\/thumbs_schlangesw.jpg\"\n           data-image-id=\"250\"\n           data-title=\"schlangesw\"\n           data-description=\"\"\n           class=\"ngg-fancybox\" rel=\"754\">\n\n            <img data-image-id='250'\n                 title=\"\"\n                 alt=\"schlangesw\"\n                 src=\"https:\/\/stefaniebischoff.de\/wp-content\/gallery\/mittelgebirge\/schlangesw.jpg\"\n                 style=\"max-height: 515px;\"\/>\n        <\/a>\n\n        <\/div> \n<div id=\"ngg-image-5\" class=\"ngg-gallery-slideshow-image\" style=\"height:535px\">\n\n        <a href=\"https:\/\/stefaniebischoff.de\/wp-content\/gallery\/mittelgebirge\/lagunesw.jpg\"\n           title=\"\"\n           data-src=\"https:\/\/stefaniebischoff.de\/wp-content\/gallery\/mittelgebirge\/lagunesw.jpg\"\n           data-thumbnail=\"https:\/\/stefaniebischoff.de\/wp-content\/gallery\/mittelgebirge\/thumbs\/thumbs_lagunesw.jpg\"\n           data-image-id=\"249\"\n           data-title=\"lagunesw\"\n           data-description=\"\"\n           class=\"ngg-fancybox\" rel=\"754\">\n\n            <img data-image-id='249'\n                 title=\"\"\n                 alt=\"lagunesw\"\n                 src=\"https:\/\/stefaniebischoff.de\/wp-content\/gallery\/mittelgebirge\/lagunesw.jpg\"\n                 style=\"max-height: 515px;\"\/>\n        <\/a>\n\n        <\/div> \n<div id=\"ngg-image-6\" class=\"ngg-gallery-slideshow-image\" style=\"height:535px\">\n\n        <a href=\"https:\/\/stefaniebischoff.de\/wp-content\/gallery\/mittelgebirge\/teich_sw.jpg\"\n           title=\"\"\n           data-src=\"https:\/\/stefaniebischoff.de\/wp-content\/gallery\/mittelgebirge\/teich_sw.jpg\"\n           data-thumbnail=\"https:\/\/stefaniebischoff.de\/wp-content\/gallery\/mittelgebirge\/thumbs\/thumbs_teich_sw.jpg\"\n           data-image-id=\"251\"\n           data-title=\"teich_sw\"\n           data-description=\"\"\n           class=\"ngg-fancybox\" rel=\"754\">\n\n            <img data-image-id='251'\n                 title=\"\"\n                 alt=\"teich_sw\"\n                 src=\"https:\/\/stefaniebischoff.de\/wp-content\/gallery\/mittelgebirge\/teich_sw.jpg\"\n                 style=\"max-height: 515px;\"\/>\n        <\/a>\n\n        <\/div> \n<div id=\"ngg-image-7\" class=\"ngg-gallery-slideshow-image\" style=\"height:535px\">\n\n        <a href=\"https:\/\/stefaniebischoff.de\/wp-content\/gallery\/mittelgebirge\/schnecke_sw.jpg\"\n           title=\"\"\n           data-src=\"https:\/\/stefaniebischoff.de\/wp-content\/gallery\/mittelgebirge\/schnecke_sw.jpg\"\n           data-thumbnail=\"https:\/\/stefaniebischoff.de\/wp-content\/gallery\/mittelgebirge\/thumbs\/thumbs_schnecke_sw.jpg\"\n           data-image-id=\"253\"\n           data-title=\"schnecke_sw\"\n           data-description=\"\"\n           class=\"ngg-fancybox\" rel=\"754\">\n\n            <img data-image-id='253'\n                 title=\"\"\n                 alt=\"schnecke_sw\"\n                 src=\"https:\/\/stefaniebischoff.de\/wp-content\/gallery\/mittelgebirge\/schnecke_sw.jpg\"\n                 style=\"max-height: 515px;\"\/>\n        <\/a>\n\n        <\/div> \n<div id=\"ngg-image-8\" class=\"ngg-gallery-slideshow-image\" style=\"height:535px\">\n\n        <a href=\"https:\/\/stefaniebischoff.de\/wp-content\/gallery\/mittelgebirge\/vogelschau_sw.jpg\"\n           title=\"\"\n           data-src=\"https:\/\/stefaniebischoff.de\/wp-content\/gallery\/mittelgebirge\/vogelschau_sw.jpg\"\n           data-thumbnail=\"https:\/\/stefaniebischoff.de\/wp-content\/gallery\/mittelgebirge\/thumbs\/thumbs_vogelschau_sw.jpg\"\n           data-image-id=\"256\"\n           data-title=\"vogelschau_sw\"\n           data-description=\"\"\n           class=\"ngg-fancybox\" rel=\"754\">\n\n            <img data-image-id='256'\n                 title=\"\"\n                 alt=\"vogelschau_sw\"\n                 src=\"https:\/\/stefaniebischoff.de\/wp-content\/gallery\/mittelgebirge\/vogelschau_sw.jpg\"\n                 style=\"max-height: 515px;\"\/>\n        <\/a>\n\n        <\/div> \n<div id=\"ngg-image-9\" class=\"ngg-gallery-slideshow-image\" style=\"height:535px\">\n\n        <a href=\"https:\/\/stefaniebischoff.de\/wp-content\/gallery\/mittelgebirge\/sturm_sw.jpg\"\n           title=\"\"\n           data-src=\"https:\/\/stefaniebischoff.de\/wp-content\/gallery\/mittelgebirge\/sturm_sw.jpg\"\n           data-thumbnail=\"https:\/\/stefaniebischoff.de\/wp-content\/gallery\/mittelgebirge\/thumbs\/thumbs_sturm_sw.jpg\"\n           data-image-id=\"252\"\n           data-title=\"sturm_sw\"\n           data-description=\"\"\n           class=\"ngg-fancybox\" rel=\"754\">\n\n            <img data-image-id='252'\n                 title=\"\"\n                 alt=\"sturm_sw\"\n                 src=\"https:\/\/stefaniebischoff.de\/wp-content\/gallery\/mittelgebirge\/sturm_sw.jpg\"\n                 style=\"max-height: 515px;\"\/>\n        <\/a>\n\n        <\/div> \n<div id=\"ngg-image-10\" class=\"ngg-gallery-slideshow-image\" style=\"height:535px\">\n\n        <a href=\"https:\/\/stefaniebischoff.de\/wp-content\/gallery\/mittelgebirge\/teufelsmauer_sw.jpg\"\n           title=\"\"\n           data-src=\"https:\/\/stefaniebischoff.de\/wp-content\/gallery\/mittelgebirge\/teufelsmauer_sw.jpg\"\n           data-thumbnail=\"https:\/\/stefaniebischoff.de\/wp-content\/gallery\/mittelgebirge\/thumbs\/thumbs_teufelsmauer_sw.jpg\"\n           data-image-id=\"254\"\n           data-title=\"teufelsmauer_sw\"\n           data-description=\"\"\n           class=\"ngg-fancybox\" rel=\"754\">\n\n            <img data-image-id='254'\n                 title=\"\"\n                 alt=\"teufelsmauer_sw\"\n                 src=\"https:\/\/stefaniebischoff.de\/wp-content\/gallery\/mittelgebirge\/teufelsmauer_sw.jpg\"\n                 style=\"max-height: 515px;\"\/>\n        <\/a>\n\n        <\/div> \n<div id=\"ngg-image-11\" class=\"ngg-gallery-slideshow-image\" style=\"height:535px\">\n\n        <a href=\"https:\/\/stefaniebischoff.de\/wp-content\/gallery\/mittelgebirge\/wasserfall_sw.jpg\"\n           title=\"\"\n           data-src=\"https:\/\/stefaniebischoff.de\/wp-content\/gallery\/mittelgebirge\/wasserfall_sw.jpg\"\n           data-thumbnail=\"https:\/\/stefaniebischoff.de\/wp-content\/gallery\/mittelgebirge\/thumbs\/thumbs_wasserfall_sw.jpg\"\n           data-image-id=\"255\"\n           data-title=\"wasserfall_sw\"\n           data-description=\"\"\n           class=\"ngg-fancybox\" rel=\"754\">\n\n            <img data-image-id='255'\n                 title=\"\"\n                 alt=\"wasserfall_sw\"\n                 src=\"https:\/\/stefaniebischoff.de\/wp-content\/gallery\/mittelgebirge\/wasserfall_sw.jpg\"\n                 style=\"max-height: 515px;\"\/>\n        <\/a>\n\n        <\/div> \n<div id=\"ngg-image-12\" class=\"ngg-gallery-slideshow-image\" style=\"height:535px\">\n\n        <a href=\"https:\/\/stefaniebischoff.de\/wp-content\/gallery\/mittelgebirge\/uhren.jpg\"\n           title=\"\"\n           data-src=\"https:\/\/stefaniebischoff.de\/wp-content\/gallery\/mittelgebirge\/uhren.jpg\"\n           data-thumbnail=\"https:\/\/stefaniebischoff.de\/wp-content\/gallery\/mittelgebirge\/thumbs\/thumbs_uhren.jpg\"\n           data-image-id=\"257\"\n           data-title=\"uhren\"\n           data-description=\"\"\n           class=\"ngg-fancybox\" rel=\"754\">\n\n            <img data-image-id='257'\n                 title=\"\"\n                 alt=\"uhren\"\n                 src=\"https:\/\/stefaniebischoff.de\/wp-content\/gallery\/mittelgebirge\/uhren.jpg\"\n                 style=\"max-height: 515px;\"\/>\n        <\/a>\n\n        <\/div> \n<div id=\"ngg-image-13\" class=\"ngg-gallery-slideshow-image\" style=\"height:535px\">\n\n        <a href=\"https:\/\/stefaniebischoff.de\/wp-content\/gallery\/mittelgebirge\/klwasserfallsw.jpg\"\n           title=\"\"\n           data-src=\"https:\/\/stefaniebischoff.de\/wp-content\/gallery\/mittelgebirge\/klwasserfallsw.jpg\"\n           data-thumbnail=\"https:\/\/stefaniebischoff.de\/wp-content\/gallery\/mittelgebirge\/thumbs\/thumbs_klwasserfallsw.jpg\"\n           data-image-id=\"259\"\n           data-title=\"klwasserfallsw\"\n           data-description=\"\"\n           class=\"ngg-fancybox\" rel=\"754\">\n\n            <img data-image-id='259'\n                 title=\"\"\n                 alt=\"klwasserfallsw\"\n                 src=\"https:\/\/stefaniebischoff.de\/wp-content\/gallery\/mittelgebirge\/klwasserfallsw.jpg\"\n                 style=\"max-height: 515px;\"\/>\n        <\/a>\n\n        <\/div> \n<div id=\"ngg-image-14\" class=\"ngg-gallery-slideshow-image\" style=\"height:535px\">\n\n        <a href=\"https:\/\/stefaniebischoff.de\/wp-content\/gallery\/mittelgebirge\/Huskysw.jpg\"\n           title=\"\"\n           data-src=\"https:\/\/stefaniebischoff.de\/wp-content\/gallery\/mittelgebirge\/Huskysw.jpg\"\n           data-thumbnail=\"https:\/\/stefaniebischoff.de\/wp-content\/gallery\/mittelgebirge\/thumbs\/thumbs_Huskysw.jpg\"\n           data-image-id=\"261\"\n           data-title=\"Huskysw\"\n           data-description=\"\"\n           class=\"ngg-fancybox\" rel=\"754\">\n\n            <img data-image-id='261'\n                 title=\"\"\n                 alt=\"Huskysw\"\n                 src=\"https:\/\/stefaniebischoff.de\/wp-content\/gallery\/mittelgebirge\/Huskysw.jpg\"\n                 style=\"max-height: 515px;\"\/>\n        <\/a>\n\n        <\/div> \n<div id=\"ngg-image-15\" class=\"ngg-gallery-slideshow-image\" style=\"height:535px\">\n\n        <a href=\"https:\/\/stefaniebischoff.de\/wp-content\/gallery\/mittelgebirge\/wintertraum_sw.jpg\"\n           title=\"\"\n           data-src=\"https:\/\/stefaniebischoff.de\/wp-content\/gallery\/mittelgebirge\/wintertraum_sw.jpg\"\n           data-thumbnail=\"https:\/\/stefaniebischoff.de\/wp-content\/gallery\/mittelgebirge\/thumbs\/thumbs_wintertraum_sw.jpg\"\n           data-image-id=\"258\"\n           data-title=\"wintertraum_sw\"\n           data-description=\"\"\n           class=\"ngg-fancybox\" rel=\"754\">\n\n            <img data-image-id='258'\n                 title=\"\"\n                 alt=\"wintertraum_sw\"\n                 src=\"https:\/\/stefaniebischoff.de\/wp-content\/gallery\/mittelgebirge\/wintertraum_sw.jpg\"\n                 style=\"max-height: 515px;\"\/>\n        <\/a>\n\n        <\/div> \n<\/div>\n\n\n\n<\/p>\n<p>Sagenlandschaften (A German Fairy Tale) 2009<\/p>\n<p>Das Wort Sage stammt vom Althochdeutschen Saga, \u201eGesagtes\u201c und wurde durch die Br\u00fcder Grimm gepr\u00e4gt. In diesen m\u00fcndlich \u00fcberlieferten Erz\u00e4hlungen geht es um fantastische Begebenheiten, die sich aber mit allt\u00e4glichen Ereignissen und wahren Personen und Orten mischen, so dass der Eindruck einer wahren Geschichte entsteht, die den Zuh\u00f6rern Werte und Wissen vermitteln soll. Das Sinnbild der Stiefmutter, des Apfels, der Schlange, sind tief in unserer Kultur verankert und werden von Generation zu Generation weitergegeben. Es dient zur Identifikation, schlie\u00dflich ist es mit unserer Herkunft und unseren fr\u00fchesten Erinnerungen verkn\u00fcpft und jedem aus dem gleichen Kulturkreis bekannt.<br \/>\nNicht weit entfernt von dem Ort an dem ich aufgewachsen bin, beginnt die Landschaft, in der die Br\u00fcder Grimm ihre Sagen zusammengetragen haben. Ich bin an die Orte gefahren, an denen sich die Sage zugetragen haben soll und habe versucht Symbole aus M\u00e4rchen in der Gegenwart zu finden, um so einen Bezug zwischen Realit\u00e4t und M\u00e4rchen herzustellen.<br \/>\nNicht nur ist das Symbol aufgeladen mit Bedeutung sondern auch eine sehr vielschichtige Konstruktion, welche Zeitebenen miteinander verbindet, da es immer auf etwas nicht Vorhandenes verweist und eine Botschaft \u00fcbermittelt.<br \/>\nIn den Fotografien hat die Symbolik eine entschleunigende Wirkung, das Bild wird fast automatisch der Gegenwart entr\u00fcckt, denn w\u00e4hrend wir das Bild betrachten, regt sich in uns ein tief verankertes Wiedererkennen, welches jenseits der messbaren Zeit liegt.<\/p>\n<p>\/\/\/ <em>The german word &#8222;Sage&#8220; (legend\/saga) \u2013 originates from the Old High German &#8222;Saga&#8220; meaning &#8222;what was said&#8220; and was shaped by the Grimm Brothers.\u00a0 These often oral recorded narratives deal with fantastic, mythical incidents which were mingled with everyday events and truly existing people and places. This mixture created the impression of a true story which served to pass on knowledge and values. The allegory of a snake, the stepmother or an apple are deeply rooted in our culture and handed down from generation to generation. It is closely bound to our origin and childhood memories, its part of our cultural environment and acts as identifcation. Close to the city I was born, the landscape of the Grimm Brohters Tales extends. I went to the spots where a tale was supposed to had taken place and explored it upon its symbolic and fairy tale qualities. I tried to find a reference of a vibrant spell of former times and carry it across into the present. A symbol is a multilayered construct not only loaded with meaning but combining time levels by reffering to something not present. In the photographs the symbolic element does have a decelerating effect, the picture almost automatically distances itself from the present. The oberserver notices a deeply rooted recognition beyond measurable time.<br \/>\n<\/em><\/p>\n","protected":false},"excerpt":{"rendered":"<p>Sagenlandschaften (A German Fairy Tale) 2009 Das Wort Sage stammt vom Althochdeutschen Saga, \u201eGesagtes\u201c und wurde durch die Br\u00fcder Grimm gepr\u00e4gt. In diesen m\u00fcndlich \u00fcberlieferten Erz\u00e4hlungen geht es um fantastische Begebenheiten, die sich aber mit allt\u00e4glichen Ereignissen und wahren Personen und Orten mischen, so dass der Eindruck einer wahren Geschichte entsteht, die den Zuh\u00f6rern Werte [&hellip;]<\/p>\n","protected":false},"author":1,"featured_media":0,"parent":0,"menu_order":0,"comment_status":"closed","ping_status":"closed","template":"","meta":{"ngg_post_thumbnail":0},"_links":{"self":[{"href":"https:\/\/stefaniebischoff.de\/index.php?rest_route=\/wp\/v2\/pages\/749"}],"collection":[{"href":"https:\/\/stefaniebischoff.de\/index.php?rest_route=\/wp\/v2\/pages"}],"about":[{"href":"https:\/\/stefaniebischoff.de\/index.php?rest_route=\/wp\/v2\/types\/page"}],"author":[{"embeddable":true,"href":"https:\/\/stefaniebischoff.de\/index.php?rest_route=\/wp\/v2\/users\/1"}],"replies":[{"embeddable":true,"href":"https:\/\/stefaniebischoff.de\/index.php?rest_route=%2Fwp%2Fv2%2Fcomments&post=749"}],"version-history":[{"count":16,"href":"https:\/\/stefaniebischoff.de\/index.php?rest_route=\/wp\/v2\/pages\/749\/revisions"}],"predecessor-version":[{"id":1308,"href":"https:\/\/stefaniebischoff.de\/index.php?rest_route=\/wp\/v2\/pages\/749\/revisions\/1308"}],"wp:attachment":[{"href":"https:\/\/stefaniebischoff.de\/index.php?rest_route=%2Fwp%2Fv2%2Fmedia&parent=749"}],"curies":[{"name":"wp","href":"https:\/\/api.w.org\/{rel}","templated":true}]}}